{"id":393,"date":"2025-06-04T06:37:36","date_gmt":"2025-06-04T06:37:36","guid":{"rendered":"https:\/\/damthithuy.com\/?page_id=393"},"modified":"2025-06-15T13:33:20","modified_gmt":"2025-06-15T13:33:20","slug":"nen-thom-vela-the-art-of-scent-legacy","status":"publish","type":"page","link":"https:\/\/damthithuy.com\/index.php\/nen-thom-vela-the-art-of-scent-legacy\/","title":{"rendered":"TI\u1ec6M N\u1ebeN TH\u01a0M VELA"},"content":{"rendered":"<p><\/p>\n<hr \/>\n<p><\/p>\n<p><em><a style=\"color: #ff99cc;\" href=\"https:\/\/www.facebook.com\/profile.php?id=61575842475477\">N\u1ebfn Th\u01a1m VELA<\/a> \u2013 The Art of Scent Legacy | H\u00e0nh Tr\u00ecnh C\u1ea3m X\u00fac Qua T\u1eebng L\u00e0n H\u01b0\u01a1ng<\/em><\/p>\n<p><\/p>\n<p>B\u1ea1n \u0111ang t\u00ecm ki\u1ebfm m\u1ed9t tr\u1ea3i nghi\u1ec7m h\u01b0\u01a1ng th\u01a1m tinh t\u1ebf v\u00e0 an to\u00e0n cho kh\u00f4ng gian s\u1ed1ng? S\u1ea3n ph\u1ea9m c\u1ee7a VELA l\u00e0 l\u1ef1a ch\u1ecdn l\u00fd t\u01b0\u1edfng d\u00e0nh cho b\u1ea1n. Ch\u1ec9 c\u1ea7n th\u1eafp m\u1ed9t ng\u1ecdn n\u1ebfn, b\u1ea1n s\u1ebd c\u1ea3m nh\u1eadn \u0111\u01b0\u1ee3c h\u01b0\u01a1ng th\u01a1m d\u1ecbu nh\u1eb9, \u0111\u01b0a m\u00ecnh tr\u1edf v\u1ec1 v\u1edbi mi\u1ec1n k\u00fd \u1ee9c v\u00e0 thi\u00ean nhi\u00ean Vi\u1ec7t Nam.<\/p>\n<p><\/p>\n<figure><img decoding=\"async\" src=\"https:\/\/damthithuy.com\/wp-content\/uploads\/2025\/06\/anh-nen-thom-VELA-1-1024x579.jpg\" alt=\"\" \/><\/figure>\n<p><\/p>\n<hr \/>\n<p><\/p>\n<figure><img decoding=\"async\" src=\"https:\/\/damthithuy.com\/wp-content\/uploads\/2025\/06\/anh-nen-thom-VELA-1024x579.jpg\" alt=\"\" \/><\/figure>\n<p><\/p>\n<h2 class=\"wp-block-heading\" id=\"v-sao-nn-chn-dng-nn-ny\"><em>V\u00ec sao n\u00ean ch\u1ecdn d\u00f2ng n\u1ebfn n\u00e0y?<\/em><\/h2>\n<p><\/p>\n<p>C\u00e1c s\u1ea3n ph\u1ea9m c\u1ee7a VELA \u0111\u01b0\u1ee3c l\u00e0m t\u1eeb s\u00e1p \u0111\u1eadu n\u00e0nh t\u1ef1 nhi\u00ean. Nh\u1edd v\u1eady, n\u1ebfn ch\u00e1y l\u00e2u, s\u1ea1ch, kh\u00f4ng kh\u00f3i v\u00e0 kh\u00f4ng ch\u1ee9a h\u00f3a ch\u1ea5t \u0111\u1ed9c h\u1ea1i. V\u00ec th\u1ebf, b\u1ea1n ho\u00e0n to\u00e0n y\u00ean t\u00e2m s\u1eed d\u1ee5ng trong m\u1ecdi kh\u00f4ng gian s\u1ed1ng. Ngo\u00e0i ra, n\u1ebfn c\u00f2n th\u00e2n thi\u1ec7n v\u1edbi m\u00f4i tr\u01b0\u1eddng. \u0110\u00e2y l\u00e0 l\u1ef1a ch\u1ecdn ph\u00f9 h\u1ee3p cho nh\u1eefng ai quan t\u00e2m \u0111\u1ebfn s\u1ee9c kh\u1ecfe v\u00e0 b\u1ea3o v\u1ec7 m\u00f4i tr\u01b0\u1eddng.<\/p>\n<p><\/p>\n<hr \/>\n<p><\/p>\n<h2 class=\"wp-block-heading\" id=\"ngh-thut-hng-thm-th-gin\"><em>Ngh\u1ec7 thu\u1eadt h\u01b0\u01a1ng th\u01a1m th\u01b0 gi\u00e3n<\/em><\/h2>\n<p><\/p>\n<p>M\u1ed7i c\u00e2y n\u1ebfn c\u1ee7a VELA l\u00e0 m\u1ed9t t\u00e1c ph\u1ea9m ngh\u1ec7 thu\u1eadt. Ch\u00fang t\u00f4i ch\u0103m ch\u00fat t\u1ec9 m\u1ec9 cho t\u1eebng s\u1ea3n ph\u1ea9m \u0111\u1ec3 t\u1ea1o n\u00ean kh\u00f4ng gian th\u01b0 gi\u00e3n, d\u1ec5 ch\u1ecbu v\u00e0 sang tr\u1ecdng. H\u01a1n n\u1eefa, h\u01b0\u01a1ng th\u01a1m tinh t\u1ebf gi\u00fap b\u1ea1n xua tan c\u0103ng th\u1eb3ng, m\u1ec7t m\u1ecfi. Nh\u1edd \u0111\u00f3, b\u1ea1n s\u1ebd c\u1ea3m th\u1ea5y b\u00ecnh y\u00ean v\u00e0 c\u00e2n b\u1eb1ng h\u01a1n trong cu\u1ed9c s\u1ed1ng hi\u1ec7n \u0111\u1ea1i.<\/p>\n<p><\/p>\n<hr \/>\n<p><\/p>\n<h2 class=\"wp-block-heading\" id=\"mn-qu--ngha-cho-ngi-thn-yu\"><em>M\u00f3n qu\u00e0 \u00fd ngh\u0129a cho ng\u01b0\u1eddi th\u00e2n y\u00eau<\/em><\/h2>\n<p><\/p>\n<figure><img decoding=\"async\" src=\"https:\/\/damthithuy.com\/wp-content\/uploads\/2025\/06\/nen-thom-VELA-duoc-goi-thanh-qua-tang-2-1024x579.jpg\" alt=\"\" \/><\/figure>\n<p><\/p>\n<p>Kh\u00f4ng ch\u1ec9 l\u00e0 s\u1ea3n ph\u1ea9m trang tr\u00ed, n\u1ebfn c\u1ee7a VELA c\u00f2n l\u00e0 m\u00f3n qu\u00e0 \u00fd ngh\u0129a d\u00e0nh t\u1eb7ng cho ng\u01b0\u1eddi th\u00e2n trong nh\u1eefng d\u1ecbp \u0111\u1eb7c bi\u1ec7t. \u0110\u00e2y l\u00e0 c\u00e1ch th\u1ec3 hi\u1ec7n s\u1ef1 quan t\u00e2m v\u00e0 tr\u00e2n tr\u1ecdng qua t\u1eebng ng\u1ecdn n\u1ebfn tinh t\u1ebf n\u00e0y.<\/p>\n<p><\/p>\n<hr \/>\n<p><\/p>\n<h2 class=\"wp-block-heading\" id=\"kt-ni-truyn-thng-v-sng-to\"><em>K\u1ebft n\u1ed1i truy\u1ec1n th\u1ed1ng v\u00e0 s\u00e1ng t\u1ea1o<\/em><\/h2>\n<p><\/p>\n<p>VELA t\u1ef1 h\u00e0o ti\u1ebfp n\u1ed1i truy\u1ec1n th\u1ed1ng ng\u00e0n n\u0103m c\u1ee7a Vi\u1ec7t Nam. Ch\u00fang t\u00f4i g\u00ecn gi\u1eef h\u01b0\u01a1ng th\u01a1m nh\u01b0 m\u1ed9t ph\u1ea7n linh h\u1ed3n v\u0103n h\u00f3a. \u0110\u1ed3ng th\u1eddi, ngh\u1ec7 thu\u1eadt hi\u1ec7n \u0111\u1ea1i \u0111\u01b0\u1ee3c th\u1ed5i h\u1ed3n v\u00e0o t\u1eebng s\u1ea3n ph\u1ea9m. Nh\u1edd v\u1eady, m\u1ed7i ng\u1ecdn n\u1ebfn kh\u00f4ng ch\u1ec9 l\u00e0 v\u1eadt trang tr\u00ed m\u00e0 c\u00f2n l\u00e0 ng\u01b0\u1eddi b\u1ea1n \u0111\u1ed3ng h\u00e0nh, k\u1ec3 c\u00e2u chuy\u1ec7n c\u1ea3m x\u00fac trong kh\u00f4ng gian s\u1ed1ng c\u1ee7a b\u1ea1n.<\/p>\n<p><\/p>\n<hr \/>\n<p><\/p>\n<h2 class=\"wp-block-heading\">Kh\u00e1m Ph\u00e1 Th\u00eam V\u1ec1 N\u1ebfn Th\u01a1m<\/h2>\n<p><\/p>\n<ul class=\"wp-block-list\">\n<li>Tham kh\u1ea3o th\u00eam c\u00e1c b\u1ed9 s\u01b0u t\u1eadp n\u1ebfn th\u01a1m kh\u00e1c c\u1ee7a VELA t\u1ea1i\u00a0<a style=\"color: #333333;\" href=\"https:\/\/www.facebook.com\/share\/p\/16C6S6sHWu\/\" target=\"_blank\" rel=\"noreferrer noopener\">b\u1ed9 s\u01b0u t\u1eadp n\u1ebfn th\u01a1m<\/a>.<\/li>\n\n<li>\u0110\u1ecdc th\u00eam v\u1ec1 \u00fd ngh\u0129a c\u1ee7a n\u1ebfn th\u01a1m t\u1ea1i\u00a0<a style=\"color: #333333;\" href=\"https:\/\/vi.wikipedia.org\/wiki\/N%E1%BA%BFn_th%C6%A1m\" target=\"_blank\" rel=\"noreferrer noopener\">Wikipedia<\/a>.<\/li>\n<\/ul>\n<p><\/p>\n<hr \/>\n<p><\/p>\n<h2 class=\"wp-block-heading\">Li\u00ean h\u1ec7 \u0111\u1eb7t h\u00e0ng v\u00e0 t\u01b0 v\u1ea5n<\/h2>\n<p><\/p>\n<p><strong>T\u00ean:<\/strong>\u00a0Ti\u1ec7m N\u1ebfn Th\u01a1m VELA<br \/><strong>Email:<\/strong>\u00a0<a style=\"color: #333333;\" href=\"mailto:tiemnenthomvela05@gmail.com\" target=\"_blank\" rel=\"noreferrer noopener\">tiemnenthomvela05@gmail.com<\/a><br \/><strong>S\u1ed1 \u0111i\u1ec7n tho\u1ea1i:<\/strong>\u00a00963 933 982<\/p>\n<p><\/p>\n<figure><img decoding=\"async\" src=\"https:\/\/damthithuy.com\/wp-content\/uploads\/2025\/06\/anh-nen-thom-VELA-2-1-1024x579.jpg\" alt=\"\" \/><\/figure>\n<p><\/p>\n<blockquote class=\"is-layout-flow wp-block-quote-is-layout-flow\">\n<p><br \/><strong><em>H\u00e3y \u0111\u1ec3 h\u01b0\u01a1ng th\u01a1m k\u1ec3 c\u00e2u chuy\u1ec7n c\u1ee7a b\u1ea1n.<\/em><\/strong><\/p>\n<\/blockquote>\n<p><\/p>\n<p>\u00a0<\/p>\n<p><\/p>\t\t\n\t\t\t\t\t\t\t<h3>\n\t\t\t\t\tHello, we are\n\t\t\t\t\tVELA\n\t\t\t\t<\/h3>\n            <button>\n            ABOUT US\n        <\/button>\n    \t\t\t\t\t\t<h2>\n\t\t\t<a href=\"https:\/\/www.facebook.com\/share\/p\/1FpFrSkCZp\/\" target=\"_blank\">\n\t\t\tGI\u1edaI THI\u1ec6U\n\t\t<\/a>\n\t\t<\/h2>\n\t\t\t\t\t\t<h2>\n\t\t\t<a href=\"https:\/\/www.facebook.com\/share\/p\/1CiDVgPpEM\/\" target=\"_blank\">\n\t\t\tS\u1ea2N PH\u1ea8M\n\t\t<\/a>\n\t\t<\/h2>\n\t\t\t\t\t\t<h2>\n\t\t\t<a href=\"https:\/\/www.facebook.com\/share\/p\/16BhpSLc3p\/\" target=\"_blank\">\n\t\t\tTIN T\u1ee8C\n\t\t<\/a>\n\t\t<\/h2>\n\t\t\t<svg aria-hidden=\"true\" viewBox=\"0 0 576 512\" xmlns=\"http:\/\/www.w3.org\/2000\/svg\"><path d=\"M259.3 17.8L194 150.2 47.9 171.5c-26.2 3.8-36.7 36.1-17.7 54.6l105.7 103-25 145.5c-4.5 26.3 23.2 46 46.4 33.7L288 439.6l130.7 68.7c23.2 12.2 50.9-7.4 46.4-33.7l-25-145.5 105.7-103c19-18.5 8.5-50.8-17.7-54.6L382 150.2 316.7 17.8c-11.7-23.6-45.6-23.9-57.4 0z\"><\/path><\/svg>","protected":false},"excerpt":{"rendered":"<p>N\u1ebfn Th\u01a1m VELA \u2013 The Art of Scent Legacy | H\u00e0nh Tr\u00ecnh C\u1ea3m X\u00fac Qua T\u1eebng L\u00e0n H\u01b0\u01a1ng B\u1ea1n \u0111ang t\u00ecm ki\u1ebfm m\u1ed9t tr\u1ea3i nghi\u1ec7m h\u01b0\u01a1ng th\u01a1m tinh t\u1ebf v\u00e0 an to\u00e0n cho kh\u00f4ng gian s\u1ed1ng? S\u1ea3n ph\u1ea9m c\u1ee7a VELA l\u00e0 l\u1ef1a ch\u1ecdn l\u00fd t\u01b0\u1edfng d\u00e0nh cho b\u1ea1n. Ch\u1ec9 c\u1ea7n th\u1eafp m\u1ed9t ng\u1ecdn n\u1ebfn, b\u1ea1n [&hellip;]<\/p>\n","protected":false},"author":11,"featured_media":384,"parent":0,"menu_order":0,"comment_status":"closed","ping_status":"closed","template":"","meta":{"footnotes":""},"class_list":["post-393","page","type-page","status-publish","has-post-thumbnail","hentry"],"yoast_head":"<!-- This site is optimized with the Yoast SEO plugin v25.1 - https:\/\/yoast.com\/wordpress\/plugins\/seo\/ -->\n<title>TI\u1ec6M N\u1ebeN TH\u01a0M VELA - Pink Unicorn<\/title>\n<meta name=\"description\" content=\"B\u1ea1n \u0111\u00e3 t\u1eebng t\u1ef1 h\u1ecfi v\u00ec sao m\u1ed9t ng\u1ecdn n\u1ebfn th\u01a1m c\u00f3 th\u1ec3 \u0111\u00e1nh th\u1ee9c k\u00fd \u1ee9c v\u00e0 c\u1ea3m x\u00fac? Kh\u00e1m ph\u00e1 ngay h\u00e0nh tr\u00ecnh c\u1ea3m x\u00fac tinh t\u1ebf d\u00e0nh ri\u00eang cho b\u1ea1n.\" \/>\n<meta name=\"robots\" content=\"index, follow, max-snippet:-1, max-image-preview:large, max-video-preview:-1\" \/>\n<link rel=\"canonical\" href=\"https:\/\/damthithuy.com\/index.php\/nen-thom-vela-the-art-of-scent-legacy\/\" \/>\n<meta property=\"og:locale\" content=\"en_US\" \/>\n<meta property=\"og:type\" content=\"article\" \/>\n<meta property=\"og:title\" content=\"TI\u1ec6M N\u1ebeN TH\u01a0M VELA - Pink Unicorn\" \/>\n<meta property=\"og:description\" content=\"B\u1ea1n \u0111\u00e3 t\u1eebng t\u1ef1 h\u1ecfi v\u00ec sao m\u1ed9t ng\u1ecdn n\u1ebfn th\u01a1m c\u00f3 th\u1ec3 \u0111\u00e1nh th\u1ee9c k\u00fd \u1ee9c v\u00e0 c\u1ea3m x\u00fac? Kh\u00e1m ph\u00e1 ngay h\u00e0nh tr\u00ecnh c\u1ea3m x\u00fac tinh t\u1ebf d\u00e0nh ri\u00eang cho b\u1ea1n.\" \/>\n<meta property=\"og:url\" content=\"https:\/\/damthithuy.com\/index.php\/nen-thom-vela-the-art-of-scent-legacy\/\" \/>\n<meta property=\"og:site_name\" content=\"Pink Unicorn\" \/>\n<meta property=\"article:modified_time\" content=\"2025-06-15T13:33:20+00:00\" \/>\n<meta property=\"og:image\" content=\"https:\/\/damthithuy.com\/wp-content\/uploads\/2025\/06\/495579152_1881498045958256_2683283942110288109_n-1.jpg\" \/>\n\t<meta property=\"og:image:width\" content=\"1472\" \/>\n\t<meta property=\"og:image:height\" content=\"832\" \/>\n\t<meta property=\"og:image:type\" content=\"image\/jpeg\" \/>\n<meta name=\"twitter:card\" content=\"summary_large_image\" \/>\n<meta name=\"twitter:label1\" content=\"Est. reading time\" \/>\n\t<meta name=\"twitter:data1\" content=\"3 minutes\" \/>\n<script type=\"application\/ld+json\" class=\"yoast-schema-graph\">{\"@context\":\"https:\/\/schema.org\",\"@graph\":[{\"@type\":\"WebPage\",\"@id\":\"https:\/\/damthithuy.com\/index.php\/nen-thom-vela-the-art-of-scent-legacy\/\",\"url\":\"https:\/\/damthithuy.com\/index.php\/nen-thom-vela-the-art-of-scent-legacy\/\",\"name\":\"TI\u1ec6M N\u1ebeN TH\u01a0M VELA - Pink Unicorn\",\"isPartOf\":{\"@id\":\"https:\/\/damthithuy.com\/#website\"},\"primaryImageOfPage\":{\"@id\":\"https:\/\/damthithuy.com\/index.php\/nen-thom-vela-the-art-of-scent-legacy\/#primaryimage\"},\"image\":{\"@id\":\"https:\/\/damthithuy.com\/index.php\/nen-thom-vela-the-art-of-scent-legacy\/#primaryimage\"},\"thumbnailUrl\":\"https:\/\/damthithuy.com\/wp-content\/uploads\/2025\/06\/495579152_1881498045958256_2683283942110288109_n-1.jpg\",\"datePublished\":\"2025-06-04T06:37:36+00:00\",\"dateModified\":\"2025-06-15T13:33:20+00:00\",\"description\":\"B\u1ea1n \u0111\u00e3 t\u1eebng t\u1ef1 h\u1ecfi v\u00ec sao m\u1ed9t ng\u1ecdn n\u1ebfn th\u01a1m c\u00f3 th\u1ec3 \u0111\u00e1nh th\u1ee9c k\u00fd \u1ee9c v\u00e0 c\u1ea3m x\u00fac? Kh\u00e1m ph\u00e1 ngay h\u00e0nh tr\u00ecnh c\u1ea3m x\u00fac tinh t\u1ebf d\u00e0nh ri\u00eang cho b\u1ea1n.\",\"breadcrumb\":{\"@id\":\"https:\/\/damthithuy.com\/index.php\/nen-thom-vela-the-art-of-scent-legacy\/#breadcrumb\"},\"inLanguage\":\"en-US\",\"potentialAction\":[{\"@type\":\"ReadAction\",\"target\":[\"https:\/\/damthithuy.com\/index.php\/nen-thom-vela-the-art-of-scent-legacy\/\"]}]},{\"@type\":\"ImageObject\",\"inLanguage\":\"en-US\",\"@id\":\"https:\/\/damthithuy.com\/index.php\/nen-thom-vela-the-art-of-scent-legacy\/#primaryimage\",\"url\":\"https:\/\/damthithuy.com\/wp-content\/uploads\/2025\/06\/495579152_1881498045958256_2683283942110288109_n-1.jpg\",\"contentUrl\":\"https:\/\/damthithuy.com\/wp-content\/uploads\/2025\/06\/495579152_1881498045958256_2683283942110288109_n-1.jpg\",\"width\":1472,\"height\":832,\"caption\":\"\ud83d\udd6f\ufe0f\u2728VELA \u2013 THE ART OF SCENT LEGACY \ud83d\udd6f\ufe0f\u2728\"},{\"@type\":\"BreadcrumbList\",\"@id\":\"https:\/\/damthithuy.com\/index.php\/nen-thom-vela-the-art-of-scent-legacy\/#breadcrumb\",\"itemListElement\":[{\"@type\":\"ListItem\",\"position\":1,\"name\":\"Home\",\"item\":\"https:\/\/damthithuy.com\/\"},{\"@type\":\"ListItem\",\"position\":2,\"name\":\"TI\u1ec6M N\u1ebeN TH\u01a0M VELA\"}]},{\"@type\":\"WebSite\",\"@id\":\"https:\/\/damthithuy.com\/#website\",\"url\":\"https:\/\/damthithuy.com\/\",\"name\":\"Pink Unicorn\",\"description\":\"\",\"potentialAction\":[{\"@type\":\"SearchAction\",\"target\":{\"@type\":\"EntryPoint\",\"urlTemplate\":\"https:\/\/damthithuy.com\/?s={search_term_string}\"},\"query-input\":{\"@type\":\"PropertyValueSpecification\",\"valueRequired\":true,\"valueName\":\"search_term_string\"}}],\"inLanguage\":\"en-US\"}]}<\/script>\n<!-- \/ Yoast SEO plugin. -->","yoast_head_json":{"title":"TI\u1ec6M N\u1ebeN TH\u01a0M VELA - Pink Unicorn","description":"B\u1ea1n \u0111\u00e3 t\u1eebng t\u1ef1 h\u1ecfi v\u00ec sao m\u1ed9t ng\u1ecdn n\u1ebfn th\u01a1m c\u00f3 th\u1ec3 \u0111\u00e1nh th\u1ee9c k\u00fd \u1ee9c v\u00e0 c\u1ea3m x\u00fac? Kh\u00e1m ph\u00e1 ngay h\u00e0nh tr\u00ecnh c\u1ea3m x\u00fac tinh t\u1ebf d\u00e0nh ri\u00eang cho b\u1ea1n.","robots":{"index":"index","follow":"follow","max-snippet":"max-snippet:-1","max-image-preview":"max-image-preview:large","max-video-preview":"max-video-preview:-1"},"canonical":"https:\/\/damthithuy.com\/index.php\/nen-thom-vela-the-art-of-scent-legacy\/","og_locale":"en_US","og_type":"article","og_title":"TI\u1ec6M N\u1ebeN TH\u01a0M VELA - Pink Unicorn","og_description":"B\u1ea1n \u0111\u00e3 t\u1eebng t\u1ef1 h\u1ecfi v\u00ec sao m\u1ed9t ng\u1ecdn n\u1ebfn th\u01a1m c\u00f3 th\u1ec3 \u0111\u00e1nh th\u1ee9c k\u00fd \u1ee9c v\u00e0 c\u1ea3m x\u00fac? Kh\u00e1m ph\u00e1 ngay h\u00e0nh tr\u00ecnh c\u1ea3m x\u00fac tinh t\u1ebf d\u00e0nh ri\u00eang cho b\u1ea1n.","og_url":"https:\/\/damthithuy.com\/index.php\/nen-thom-vela-the-art-of-scent-legacy\/","og_site_name":"Pink Unicorn","article_modified_time":"2025-06-15T13:33:20+00:00","og_image":[{"width":1472,"height":832,"url":"https:\/\/damthithuy.com\/wp-content\/uploads\/2025\/06\/495579152_1881498045958256_2683283942110288109_n-1.jpg","type":"image\/jpeg"}],"twitter_card":"summary_large_image","twitter_misc":{"Est. reading time":"3 minutes"},"schema":{"@context":"https:\/\/schema.org","@graph":[{"@type":"WebPage","@id":"https:\/\/damthithuy.com\/index.php\/nen-thom-vela-the-art-of-scent-legacy\/","url":"https:\/\/damthithuy.com\/index.php\/nen-thom-vela-the-art-of-scent-legacy\/","name":"TI\u1ec6M N\u1ebeN TH\u01a0M VELA - Pink Unicorn","isPartOf":{"@id":"https:\/\/damthithuy.com\/#website"},"primaryImageOfPage":{"@id":"https:\/\/damthithuy.com\/index.php\/nen-thom-vela-the-art-of-scent-legacy\/#primaryimage"},"image":{"@id":"https:\/\/damthithuy.com\/index.php\/nen-thom-vela-the-art-of-scent-legacy\/#primaryimage"},"thumbnailUrl":"https:\/\/damthithuy.com\/wp-content\/uploads\/2025\/06\/495579152_1881498045958256_2683283942110288109_n-1.jpg","datePublished":"2025-06-04T06:37:36+00:00","dateModified":"2025-06-15T13:33:20+00:00","description":"B\u1ea1n \u0111\u00e3 t\u1eebng t\u1ef1 h\u1ecfi v\u00ec sao m\u1ed9t ng\u1ecdn n\u1ebfn th\u01a1m c\u00f3 th\u1ec3 \u0111\u00e1nh th\u1ee9c k\u00fd \u1ee9c v\u00e0 c\u1ea3m x\u00fac? Kh\u00e1m ph\u00e1 ngay h\u00e0nh tr\u00ecnh c\u1ea3m x\u00fac tinh t\u1ebf d\u00e0nh ri\u00eang cho b\u1ea1n.","breadcrumb":{"@id":"https:\/\/damthithuy.com\/index.php\/nen-thom-vela-the-art-of-scent-legacy\/#breadcrumb"},"inLanguage":"en-US","potentialAction":[{"@type":"ReadAction","target":["https:\/\/damthithuy.com\/index.php\/nen-thom-vela-the-art-of-scent-legacy\/"]}]},{"@type":"ImageObject","inLanguage":"en-US","@id":"https:\/\/damthithuy.com\/index.php\/nen-thom-vela-the-art-of-scent-legacy\/#primaryimage","url":"https:\/\/damthithuy.com\/wp-content\/uploads\/2025\/06\/495579152_1881498045958256_2683283942110288109_n-1.jpg","contentUrl":"https:\/\/damthithuy.com\/wp-content\/uploads\/2025\/06\/495579152_1881498045958256_2683283942110288109_n-1.jpg","width":1472,"height":832,"caption":"\ud83d\udd6f\ufe0f\u2728VELA \u2013 THE ART OF SCENT LEGACY \ud83d\udd6f\ufe0f\u2728"},{"@type":"BreadcrumbList","@id":"https:\/\/damthithuy.com\/index.php\/nen-thom-vela-the-art-of-scent-legacy\/#breadcrumb","itemListElement":[{"@type":"ListItem","position":1,"name":"Home","item":"https:\/\/damthithuy.com\/"},{"@type":"ListItem","position":2,"name":"TI\u1ec6M N\u1ebeN TH\u01a0M VELA"}]},{"@type":"WebSite","@id":"https:\/\/damthithuy.com\/#website","url":"https:\/\/damthithuy.com\/","name":"Pink Unicorn","description":"","potentialAction":[{"@type":"SearchAction","target":{"@type":"EntryPoint","urlTemplate":"https:\/\/damthithuy.com\/?s={search_term_string}"},"query-input":{"@type":"PropertyValueSpecification","valueRequired":true,"valueName":"search_term_string"}}],"inLanguage":"en-US"}]}},"_links":{"self":[{"href":"https:\/\/damthithuy.com\/index.php\/wp-json\/wp\/v2\/pages\/393","targetHints":{"allow":["GET"]}}],"collection":[{"href":"https:\/\/damthithuy.com\/index.php\/wp-json\/wp\/v2\/pages"}],"about":[{"href":"https:\/\/damthithuy.com\/index.php\/wp-json\/wp\/v2\/types\/page"}],"author":[{"embeddable":true,"href":"https:\/\/damthithuy.com\/index.php\/wp-json\/wp\/v2\/users\/11"}],"replies":[{"embeddable":true,"href":"https:\/\/damthithuy.com\/index.php\/wp-json\/wp\/v2\/comments?post=393"}],"version-history":[{"count":12,"href":"https:\/\/damthithuy.com\/index.php\/wp-json\/wp\/v2\/pages\/393\/revisions"}],"predecessor-version":[{"id":1720,"href":"https:\/\/damthithuy.com\/index.php\/wp-json\/wp\/v2\/pages\/393\/revisions\/1720"}],"wp:featuredmedia":[{"embeddable":true,"href":"https:\/\/damthithuy.com\/index.php\/wp-json\/wp\/v2\/media\/384"}],"wp:attachment":[{"href":"https:\/\/damthithuy.com\/index.php\/wp-json\/wp\/v2\/media?parent=393"}],"curies":[{"name":"wp","href":"https:\/\/api.w.org\/{rel}","templated":true}]}}