{"id":1762,"date":"2025-06-15T13:52:00","date_gmt":"2025-06-15T13:52:00","guid":{"rendered":"https:\/\/damthithuy.com\/?page_id=1762"},"modified":"2025-06-15T13:54:07","modified_gmt":"2025-06-15T13:54:07","slug":"tiem-nen-thom-vela","status":"publish","type":"page","link":"https:\/\/damthithuy.com\/index.php\/tiem-nen-thom-vela\/","title":{"rendered":"TI\u1ec6M N\u1ebeN TH\u01a0M VELA"},"content":{"rendered":"\n<div class=\"wp-block-group alignfull has-global-padding is-layout-constrained wp-container-core-group-is-layout-0c9c989a wp-block-group-is-layout-constrained\" style=\"min-height:0vh;margin-top:0;margin-bottom:0;padding-top:var(--wp--preset--spacing--70);padding-right:var(--wp--preset--spacing--40);padding-bottom:var(--wp--preset--spacing--70);padding-left:var(--wp--preset--spacing--40)\">\n<div class=\"wp-block-group has-global-padding is-layout-constrained wp-container-core-group-is-layout-346627ba wp-block-group-is-layout-constrained\">\n<h2 class=\"wp-block-heading has-text-align-center has-xx-large-font-size\" style=\"margin-right:0;margin-left:0;padding-right:0;padding-left:0\">THE ART OF SCENT LEGACY<\/h2>\n\n\n\n<p class=\"has-text-align-center\">T\u1ef1 h\u00e0o ti\u1ebfp n\u1ed1i truy\u1ec1n th\u1ed1ng ng\u00e0n n\u0103m c\u1ee7a Vi\u1ec7t Nam<\/p>\n\n\n\n<p class=\"has-text-align-center\">VELA kh\u00f4ng ch\u1ec9 l\u00e0 v\u1eadt trang tr\u00ed m\u00e0 c\u00f2n l\u00e0 ng\u01b0\u1eddi b\u1ea1n \u0111\u1ed3ng h\u00e0nh, k\u1ec3 c\u00e2u chuy\u1ec7n c\u1ea3m x\u00fac trong kh\u00f4ng gian s\u1ed1ng c\u1ee7a b\u1ea1n.<\/p>\n\n\n\n<div class=\"wp-block-buttons is-content-justification-center is-layout-flex wp-container-core-buttons-is-layout-a89b3969 wp-block-buttons-is-layout-flex\">\n<div class=\"wp-block-button\"><a class=\"wp-block-button__link wp-element-button\" href=\"https:\/\/www.facebook.com\/profile.php?id=61575842475477\">ABOUT US<\/a><\/div>\n<\/div>\n<\/div>\n<\/div>\n\n\n\n<div class=\"wp-block-group alignfull is-style-section-1 has-global-padding is-layout-constrained wp-block-group-is-layout-constrained is-style-section-1--1\" style=\"margin-top:0;margin-bottom:0;padding-top:var(--wp--preset--spacing--80);padding-bottom:var(--wp--preset--spacing--80)\">\n<div class=\"wp-block-columns alignwide is-layout-flex wp-container-core-columns-is-layout-66fad18a wp-block-columns-is-layout-flex\">\n<div class=\"wp-block-column is-layout-flow wp-block-column-is-layout-flow\" style=\"padding-right:var(--wp--preset--spacing--50);flex-basis:45%\">\n<figure class=\"wp-block-image size-full\"><img fetchpriority=\"high\" decoding=\"async\" width=\"1472\" height=\"832\" src=\"https:\/\/damthithuy.com\/wp-content\/uploads\/2025\/06\/anh-nen-thom-VELA-1-1.jpg\" alt=\"\" class=\"wp-image-1763\" srcset=\"https:\/\/damthithuy.com\/wp-content\/uploads\/2025\/06\/anh-nen-thom-VELA-1-1.jpg 1472w, https:\/\/damthithuy.com\/wp-content\/uploads\/2025\/06\/anh-nen-thom-VELA-1-1-300x170.jpg 300w, https:\/\/damthithuy.com\/wp-content\/uploads\/2025\/06\/anh-nen-thom-VELA-1-1-1024x579.jpg 1024w, https:\/\/damthithuy.com\/wp-content\/uploads\/2025\/06\/anh-nen-thom-VELA-1-1-768x434.jpg 768w\" sizes=\"(max-width: 1472px) 100vw, 1472px\" \/><\/figure>\n\n\n\n<div class=\"wp-block-group has-global-padding is-layout-constrained wp-block-group-is-layout-constrained\" style=\"margin-top:-12vw\">\n<figure class=\"wp-block-image alignright size-full is-resized\" style=\"margin-right:-5vw;margin-left:-5vw\"><img decoding=\"async\" width=\"1472\" height=\"832\" src=\"https:\/\/damthithuy.com\/wp-content\/uploads\/2025\/06\/anh-nen-thom-VELA-2-2.jpg\" alt=\"\" class=\"wp-image-1764\" style=\"width:202px\" srcset=\"https:\/\/damthithuy.com\/wp-content\/uploads\/2025\/06\/anh-nen-thom-VELA-2-2.jpg 1472w, https:\/\/damthithuy.com\/wp-content\/uploads\/2025\/06\/anh-nen-thom-VELA-2-2-300x170.jpg 300w, https:\/\/damthithuy.com\/wp-content\/uploads\/2025\/06\/anh-nen-thom-VELA-2-2-1024x579.jpg 1024w, https:\/\/damthithuy.com\/wp-content\/uploads\/2025\/06\/anh-nen-thom-VELA-2-2-768x434.jpg 768w\" sizes=\"(max-width: 1472px) 100vw, 1472px\" \/><\/figure>\n<\/div>\n<\/div>\n\n\n\n<div class=\"wp-block-column is-vertically-aligned-center is-layout-flow wp-block-column-is-layout-flow\" style=\"padding-right:0;padding-left:0;flex-basis:50%\">\n<div class=\"wp-block-group is-vertical is-layout-flex wp-container-core-group-is-layout-fe9cc265 wp-block-group-is-layout-flex\">\n<h2 class=\"wp-block-heading is-style-text-annotation is-style-text-annotation--2\">About Us<\/h2>\n<\/div>\n\n\n\n<p class=\"is-style-text-subtitle is-style-text-subtitle--3\">VELA \u2013 trong ti\u1ebfng T\u00e2y Ban Nha ngh\u0129a l\u00e0 ng\u1ecdn n\u1ebfn v\u00e0 c\u0169ng l\u00e0 c\u00e1nh bu\u1ed3m. \u00c1nh s\u00e1ng \u1ea5m \u00e1p, ni\u1ec1m hy v\u1ecdng v\u00e0 h\u00e0nh tr\u00ecnh kh\u00e1m ph\u00e1 nh\u1eefng gi\u00e1 tr\u1ecb qu\u00fd b\u00e1u.<\/p>\n\n\n\n<p class=\"is-style-text-subtitle is-style-text-subtitle--4\">M\u1ed7i ng\u1ecdn n\u1ebfn VELA l\u00e0 s\u1ef1 k\u1ebft n\u1ed1i gi\u1eefa qu\u00e1 kh\u1ee9 v\u00e0 hi\u1ec7n t\u1ea1i, thi\u00ean nhi\u00ean v\u00e0 con ng\u01b0\u1eddi.<\/p>\n<\/div>\n<\/div>\n<\/div>\n\n\n\n<div class=\"wp-block-group alignfull has-global-padding is-layout-constrained wp-container-core-group-is-layout-ebee8dc1 wp-block-group-is-layout-constrained\" style=\"margin-top:0;margin-bottom:0;padding-top:var(--wp--preset--spacing--50);padding-bottom:var(--wp--preset--spacing--50)\">\n<h2 class=\"wp-block-heading alignwide\">Our services<\/h2>\n\n\n\n<div class=\"wp-block-columns alignwide is-layout-flex wp-container-core-columns-is-layout-28f84493 wp-block-columns-is-layout-flex\">\n<div class=\"wp-block-column is-layout-flow wp-block-column-is-layout-flow\">\n<figure class=\"wp-block-image size-full\" style=\"margin-bottom:24px\"><img decoding=\"async\" width=\"1472\" height=\"832\" src=\"https:\/\/damthithuy.com\/wp-content\/uploads\/2025\/06\/anh-nen-thom-VELA-4.jpg\" alt=\"\" class=\"wp-image-1765\" style=\"aspect-ratio:4\/3;object-fit:cover\" srcset=\"https:\/\/damthithuy.com\/wp-content\/uploads\/2025\/06\/anh-nen-thom-VELA-4.jpg 1472w, https:\/\/damthithuy.com\/wp-content\/uploads\/2025\/06\/anh-nen-thom-VELA-4-300x170.jpg 300w, https:\/\/damthithuy.com\/wp-content\/uploads\/2025\/06\/anh-nen-thom-VELA-4-1024x579.jpg 1024w, https:\/\/damthithuy.com\/wp-content\/uploads\/2025\/06\/anh-nen-thom-VELA-4-768x434.jpg 768w\" sizes=\"(max-width: 1472px) 100vw, 1472px\" \/><\/figure>\n\n\n\n<h3 class=\"wp-block-heading\">GI\u1edaI THI\u1ec6U<\/h3>\n\n\n\n<p class=\"has-medium-font-size\"><\/p>\n<\/div>\n\n\n\n<div class=\"wp-block-column is-layout-flow wp-block-column-is-layout-flow\">\n<figure class=\"wp-block-image size-full\" style=\"margin-bottom:24px\"><img loading=\"lazy\" decoding=\"async\" width=\"1024\" height=\"1536\" src=\"https:\/\/damthithuy.com\/wp-content\/uploads\/2025\/06\/ab0d1b41-73d4-4bad-b1c4-22c85bc5dacc-4.jpeg\" alt=\"\" class=\"wp-image-1766\" style=\"aspect-ratio:4\/3;object-fit:cover\" srcset=\"https:\/\/damthithuy.com\/wp-content\/uploads\/2025\/06\/ab0d1b41-73d4-4bad-b1c4-22c85bc5dacc-4.jpeg 1024w, https:\/\/damthithuy.com\/wp-content\/uploads\/2025\/06\/ab0d1b41-73d4-4bad-b1c4-22c85bc5dacc-4-200x300.jpeg 200w, https:\/\/damthithuy.com\/wp-content\/uploads\/2025\/06\/ab0d1b41-73d4-4bad-b1c4-22c85bc5dacc-4-683x1024.jpeg 683w, https:\/\/damthithuy.com\/wp-content\/uploads\/2025\/06\/ab0d1b41-73d4-4bad-b1c4-22c85bc5dacc-4-768x1152.jpeg 768w\" sizes=\"(max-width: 1024px) 100vw, 1024px\" \/><\/figure>\n\n\n\n<h3 class=\"wp-block-heading\">S\u1ea2N PH\u1ea8M<\/h3>\n\n\n\n<p class=\"has-medium-font-size\"><\/p>\n<\/div>\n\n\n\n<div class=\"wp-block-column is-layout-flow wp-block-column-is-layout-flow\">\n<figure class=\"wp-block-image size-full\" style=\"margin-bottom:24px\"><img loading=\"lazy\" decoding=\"async\" width=\"1472\" height=\"832\" src=\"https:\/\/damthithuy.com\/wp-content\/uploads\/2025\/06\/hinh-anh-khach-hang-trai-nghiem-nen-thom-review-4.jpg\" alt=\"\" class=\"wp-image-1767\" style=\"aspect-ratio:4\/3;object-fit:cover\" srcset=\"https:\/\/damthithuy.com\/wp-content\/uploads\/2025\/06\/hinh-anh-khach-hang-trai-nghiem-nen-thom-review-4.jpg 1472w, https:\/\/damthithuy.com\/wp-content\/uploads\/2025\/06\/hinh-anh-khach-hang-trai-nghiem-nen-thom-review-4-300x170.jpg 300w, https:\/\/damthithuy.com\/wp-content\/uploads\/2025\/06\/hinh-anh-khach-hang-trai-nghiem-nen-thom-review-4-1024x579.jpg 1024w, https:\/\/damthithuy.com\/wp-content\/uploads\/2025\/06\/hinh-anh-khach-hang-trai-nghiem-nen-thom-review-4-768x434.jpg 768w\" sizes=\"(max-width: 1472px) 100vw, 1472px\" \/><\/figure>\n\n\n\n<h3 class=\"wp-block-heading\">TIN T\u1ee8C<\/h3>\n\n\n\n<p class=\"has-medium-font-size\"><\/p>\n<\/div>\n<\/div>\n<\/div>\n\n\n\n<div class=\"wp-block-group alignfull has-global-padding is-layout-constrained wp-block-group-is-layout-constrained\" style=\"margin-top:0;margin-bottom:0;padding-top:var(--wp--preset--spacing--60);padding-bottom:var(--wp--preset--spacing--60)\">\n<div class=\"wp-block-columns alignwide is-layout-flex wp-container-core-columns-is-layout-74b2cda3 wp-block-columns-is-layout-flex\">\n<div class=\"wp-block-column is-layout-flow wp-block-column-is-layout-flow\">\n<div class=\"wp-block-group is-vertical is-content-justification-left is-layout-flex wp-container-core-group-is-layout-7ce391b6 wp-block-group-is-layout-flex\" style=\"min-height:100%\">\n<h2 class=\"wp-block-heading is-style-text-annotation has-x-small-font-size is-style-text-annotation--5\">What people are saying<\/h2>\n\n\n\n<blockquote class=\"wp-block-quote is-style-plain has-x-large-font-size is-layout-flow wp-container-core-quote-is-layout-5dafc681 wp-block-quote-is-layout-flow is-style-plain--6\" style=\"font-style:normal;font-weight:400\">\n<div class=\"wp-block-group has-global-padding is-content-justification-left is-layout-constrained wp-container-core-group-is-layout-085bd3d9 wp-block-group-is-layout-constrained\" style=\"margin-top:0;margin-bottom:0;padding-top:0;padding-right:0;padding-bottom:0;padding-left:0\">\n<p class=\"has-xx-large-font-size\">\u201c<strong><em>H\u00e3y \u0111\u1ec3 h\u01b0\u01a1ng th\u01a1m k\u1ec3 c\u00e2u chuy\u1ec7n c\u1ee7a b\u1ea1n.<\/em><\/strong>\u201d<\/p>\n<\/div>\n<cite><br><\/cite><\/blockquote>\n<\/div>\n<\/div>\n\n\n\n<div class=\"wp-block-column is-layout-flow wp-block-column-is-layout-flow\" style=\"padding-top:0;padding-right:0;padding-bottom:0;padding-left:0\">\n<figure class=\"wp-block-image size-large\"><img loading=\"lazy\" decoding=\"async\" width=\"1024\" height=\"579\" src=\"https:\/\/damthithuy.com\/wp-content\/uploads\/2025\/06\/Huong-sen-Dong-Thap-tao-1-lo-nen-thom-VELA-3-1024x579.jpg\" alt=\"\" class=\"wp-image-1768\" style=\"aspect-ratio:1;object-fit:cover\" srcset=\"https:\/\/damthithuy.com\/wp-content\/uploads\/2025\/06\/Huong-sen-Dong-Thap-tao-1-lo-nen-thom-VELA-3-1024x579.jpg 1024w, https:\/\/damthithuy.com\/wp-content\/uploads\/2025\/06\/Huong-sen-Dong-Thap-tao-1-lo-nen-thom-VELA-3-300x170.jpg 300w, https:\/\/damthithuy.com\/wp-content\/uploads\/2025\/06\/Huong-sen-Dong-Thap-tao-1-lo-nen-thom-VELA-3-768x434.jpg 768w, https:\/\/damthithuy.com\/wp-content\/uploads\/2025\/06\/Huong-sen-Dong-Thap-tao-1-lo-nen-thom-VELA-3.jpg 1472w\" sizes=\"(max-width: 1024px) 100vw, 1024px\" \/><\/figure>\n<\/div>\n<\/div>\n<\/div>\n\n\n\n<div class=\"wp-block-group alignfull has-global-padding is-layout-constrained wp-block-group-is-layout-constrained\" style=\"margin-top:0;margin-bottom:0;padding-top:var(--wp--preset--spacing--60);padding-bottom:var(--wp--preset--spacing--60)\">\n<div style=\"height:var(--wp--preset--spacing--40)\" aria-hidden=\"true\" class=\"wp-block-spacer\"><\/div>\n\n\n\n<div class=\"wp-block-columns alignwide is-layout-flex wp-container-core-columns-is-layout-1d9f35bd wp-block-columns-is-layout-flex\">\n<div class=\"wp-block-column is-layout-flow wp-block-column-is-layout-flow\"><\/div>\n\n\n\n<div class=\"wp-block-column is-layout-flow wp-block-column-is-layout-flow\"><\/div>\n<\/div>\n<\/div>\n\n\n\n<aside class=\"wp-block-group alignfull is-style-section-3 has-global-padding is-layout-constrained wp-container-core-group-is-layout-f0f2a97b wp-block-group-is-layout-constrained is-style-section-3--7\" style=\"margin-top:0;margin-bottom:0;padding-top:var(--wp--preset--spacing--50);padding-right:var(--wp--preset--spacing--50);padding-bottom:var(--wp--preset--spacing--50);padding-left:var(--wp--preset--spacing--50)\">\n<div class=\"wp-block-group is-vertical is-content-justification-center is-layout-flex wp-container-core-group-is-layout-8778ca4a wp-block-group-is-layout-flex\" style=\"min-height:360px;margin-top:0;margin-bottom:0\">\n<h2 class=\"wp-block-heading has-text-align-center has-xx-large-font-size\">LI\u00caN H\u1ec6 \u0110\u1eb6T H\u00c0NG V\u00c0 T\u01af V\u1ea4N<\/h2>\n\n\n\n<p class=\"has-text-align-center is-style-text-subtitle is-style-text-subtitle--8\"><strong>T\u00ean:<\/strong>\u00a0Ti\u1ec7m N\u1ebfn Th\u01a1m VELA<br><strong>Email:<\/strong>\u00a0<a href=\"mailto:tiemnenthomvela05@gmail.com\" target=\"_blank\" rel=\"noreferrer noopener\">tiemnenthomvela05@gmail.com<\/a><br><strong>S\u1ed1 \u0111i\u1ec7n tho\u1ea1i:<\/strong>\u00a00963 933 982<\/p>\n\n\n\n<div style=\"height:0px\" aria-hidden=\"true\" class=\"wp-block-spacer wp-container-content-62aae154\"><\/div>\n\n\n\n<div class=\"wp-block-buttons is-content-justification-center is-layout-flex wp-container-core-buttons-is-layout-a89b3969 wp-block-buttons-is-layout-flex\">\n<div class=\"wp-block-button\"><a class=\"wp-block-button__link has-text-align-center wp-element-button\" href=\"https:\/\/www.facebook.com\/profile.php?id=61575842475477\">LI\u00caN H\u1ec6 T\u1ea0I \u0110\u00c2Y<\/a><\/div>\n<\/div>\n<\/div>\n<\/aside>\n\n\n\n<p><\/p>\n","protected":false},"excerpt":{"rendered":"<p>THE ART OF SCENT LEGACY T\u1ef1 h\u00e0o ti\u1ebfp n\u1ed1i truy\u1ec1n th\u1ed1ng ng\u00e0n n\u0103m c\u1ee7a Vi\u1ec7t Nam VELA kh\u00f4ng ch\u1ec9 l\u00e0 v\u1eadt trang tr\u00ed m\u00e0 c\u00f2n l\u00e0 ng\u01b0\u1eddi b\u1ea1n \u0111\u1ed3ng h\u00e0nh, k\u1ec3 c\u00e2u chuy\u1ec7n c\u1ea3m x\u00fac trong kh\u00f4ng gian s\u1ed1ng c\u1ee7a b\u1ea1n. About Us VELA \u2013 trong ti\u1ebfng T\u00e2y Ban Nha ngh\u0129a l\u00e0 ng\u1ecdn n\u1ebfn v\u00e0 [&hellip;]<\/p>\n","protected":false},"author":11,"featured_media":0,"parent":0,"menu_order":0,"comment_status":"closed","ping_status":"closed","template":"","meta":{"footnotes":""},"class_list":["post-1762","page","type-page","status-publish","hentry"],"yoast_head":"<!-- This site is optimized with the Yoast SEO plugin v25.1 - https:\/\/yoast.com\/wordpress\/plugins\/seo\/ -->\n<title>TI\u1ec6M N\u1ebeN TH\u01a0M VELA - Pink Unicorn<\/title>\n<meta name=\"robots\" content=\"index, follow, max-snippet:-1, max-image-preview:large, max-video-preview:-1\" \/>\n<link rel=\"canonical\" href=\"https:\/\/damthithuy.com\/index.php\/tiem-nen-thom-vela\/\" \/>\n<meta property=\"og:locale\" content=\"en_US\" \/>\n<meta property=\"og:type\" content=\"article\" \/>\n<meta property=\"og:title\" content=\"TI\u1ec6M N\u1ebeN TH\u01a0M VELA - Pink Unicorn\" \/>\n<meta property=\"og:description\" content=\"THE ART OF SCENT LEGACY T\u1ef1 h\u00e0o ti\u1ebfp n\u1ed1i truy\u1ec1n th\u1ed1ng ng\u00e0n n\u0103m c\u1ee7a Vi\u1ec7t Nam VELA kh\u00f4ng ch\u1ec9 l\u00e0 v\u1eadt trang tr\u00ed m\u00e0 c\u00f2n l\u00e0 ng\u01b0\u1eddi b\u1ea1n \u0111\u1ed3ng h\u00e0nh, k\u1ec3 c\u00e2u chuy\u1ec7n c\u1ea3m x\u00fac trong kh\u00f4ng gian s\u1ed1ng c\u1ee7a b\u1ea1n. About Us VELA \u2013 trong ti\u1ebfng T\u00e2y Ban Nha ngh\u0129a l\u00e0 ng\u1ecdn n\u1ebfn v\u00e0 [&hellip;]\" \/>\n<meta property=\"og:url\" content=\"https:\/\/damthithuy.com\/index.php\/tiem-nen-thom-vela\/\" \/>\n<meta property=\"og:site_name\" content=\"Pink Unicorn\" \/>\n<meta property=\"article:modified_time\" content=\"2025-06-15T13:54:07+00:00\" \/>\n<meta property=\"og:image\" content=\"https:\/\/damthithuy.com\/wp-content\/uploads\/2025\/06\/anh-nen-thom-VELA-1-1.jpg\" \/>\n\t<meta property=\"og:image:width\" content=\"1472\" \/>\n\t<meta property=\"og:image:height\" content=\"832\" \/>\n\t<meta property=\"og:image:type\" content=\"image\/jpeg\" \/>\n<meta name=\"twitter:card\" content=\"summary_large_image\" \/>\n<meta name=\"twitter:label1\" content=\"Est. reading time\" \/>\n\t<meta name=\"twitter:data1\" content=\"2 minutes\" \/>\n<script type=\"application\/ld+json\" class=\"yoast-schema-graph\">{\"@context\":\"https:\/\/schema.org\",\"@graph\":[{\"@type\":\"WebPage\",\"@id\":\"https:\/\/damthithuy.com\/index.php\/tiem-nen-thom-vela\/\",\"url\":\"https:\/\/damthithuy.com\/index.php\/tiem-nen-thom-vela\/\",\"name\":\"TI\u1ec6M N\u1ebeN TH\u01a0M VELA - Pink Unicorn\",\"isPartOf\":{\"@id\":\"https:\/\/damthithuy.com\/#website\"},\"primaryImageOfPage\":{\"@id\":\"https:\/\/damthithuy.com\/index.php\/tiem-nen-thom-vela\/#primaryimage\"},\"image\":{\"@id\":\"https:\/\/damthithuy.com\/index.php\/tiem-nen-thom-vela\/#primaryimage\"},\"thumbnailUrl\":\"https:\/\/damthithuy.com\/wp-content\/uploads\/2025\/06\/anh-nen-thom-VELA-1-1.jpg\",\"datePublished\":\"2025-06-15T13:52:00+00:00\",\"dateModified\":\"2025-06-15T13:54:07+00:00\",\"breadcrumb\":{\"@id\":\"https:\/\/damthithuy.com\/index.php\/tiem-nen-thom-vela\/#breadcrumb\"},\"inLanguage\":\"en-US\",\"potentialAction\":[{\"@type\":\"ReadAction\",\"target\":[\"https:\/\/damthithuy.com\/index.php\/tiem-nen-thom-vela\/\"]}]},{\"@type\":\"ImageObject\",\"inLanguage\":\"en-US\",\"@id\":\"https:\/\/damthithuy.com\/index.php\/tiem-nen-thom-vela\/#primaryimage\",\"url\":\"https:\/\/damthithuy.com\/wp-content\/uploads\/2025\/06\/anh-nen-thom-VELA-1-1.jpg\",\"contentUrl\":\"https:\/\/damthithuy.com\/wp-content\/uploads\/2025\/06\/anh-nen-thom-VELA-1-1.jpg\",\"width\":1472,\"height\":832},{\"@type\":\"BreadcrumbList\",\"@id\":\"https:\/\/damthithuy.com\/index.php\/tiem-nen-thom-vela\/#breadcrumb\",\"itemListElement\":[{\"@type\":\"ListItem\",\"position\":1,\"name\":\"Home\",\"item\":\"https:\/\/damthithuy.com\/\"},{\"@type\":\"ListItem\",\"position\":2,\"name\":\"TI\u1ec6M N\u1ebeN TH\u01a0M VELA\"}]},{\"@type\":\"WebSite\",\"@id\":\"https:\/\/damthithuy.com\/#website\",\"url\":\"https:\/\/damthithuy.com\/\",\"name\":\"Pink Unicorn\",\"description\":\"\",\"potentialAction\":[{\"@type\":\"SearchAction\",\"target\":{\"@type\":\"EntryPoint\",\"urlTemplate\":\"https:\/\/damthithuy.com\/?s={search_term_string}\"},\"query-input\":{\"@type\":\"PropertyValueSpecification\",\"valueRequired\":true,\"valueName\":\"search_term_string\"}}],\"inLanguage\":\"en-US\"}]}<\/script>\n<!-- \/ Yoast SEO plugin. -->","yoast_head_json":{"title":"TI\u1ec6M N\u1ebeN TH\u01a0M VELA - Pink Unicorn","robots":{"index":"index","follow":"follow","max-snippet":"max-snippet:-1","max-image-preview":"max-image-preview:large","max-video-preview":"max-video-preview:-1"},"canonical":"https:\/\/damthithuy.com\/index.php\/tiem-nen-thom-vela\/","og_locale":"en_US","og_type":"article","og_title":"TI\u1ec6M N\u1ebeN TH\u01a0M VELA - Pink Unicorn","og_description":"THE ART OF SCENT LEGACY T\u1ef1 h\u00e0o ti\u1ebfp n\u1ed1i truy\u1ec1n th\u1ed1ng ng\u00e0n n\u0103m c\u1ee7a Vi\u1ec7t Nam VELA kh\u00f4ng ch\u1ec9 l\u00e0 v\u1eadt trang tr\u00ed m\u00e0 c\u00f2n l\u00e0 ng\u01b0\u1eddi b\u1ea1n \u0111\u1ed3ng h\u00e0nh, k\u1ec3 c\u00e2u chuy\u1ec7n c\u1ea3m x\u00fac trong kh\u00f4ng gian s\u1ed1ng c\u1ee7a b\u1ea1n. About Us VELA \u2013 trong ti\u1ebfng T\u00e2y Ban Nha ngh\u0129a l\u00e0 ng\u1ecdn n\u1ebfn v\u00e0 [&hellip;]","og_url":"https:\/\/damthithuy.com\/index.php\/tiem-nen-thom-vela\/","og_site_name":"Pink Unicorn","article_modified_time":"2025-06-15T13:54:07+00:00","og_image":[{"width":1472,"height":832,"url":"https:\/\/damthithuy.com\/wp-content\/uploads\/2025\/06\/anh-nen-thom-VELA-1-1.jpg","type":"image\/jpeg"}],"twitter_card":"summary_large_image","twitter_misc":{"Est. reading time":"2 minutes"},"schema":{"@context":"https:\/\/schema.org","@graph":[{"@type":"WebPage","@id":"https:\/\/damthithuy.com\/index.php\/tiem-nen-thom-vela\/","url":"https:\/\/damthithuy.com\/index.php\/tiem-nen-thom-vela\/","name":"TI\u1ec6M N\u1ebeN TH\u01a0M VELA - Pink Unicorn","isPartOf":{"@id":"https:\/\/damthithuy.com\/#website"},"primaryImageOfPage":{"@id":"https:\/\/damthithuy.com\/index.php\/tiem-nen-thom-vela\/#primaryimage"},"image":{"@id":"https:\/\/damthithuy.com\/index.php\/tiem-nen-thom-vela\/#primaryimage"},"thumbnailUrl":"https:\/\/damthithuy.com\/wp-content\/uploads\/2025\/06\/anh-nen-thom-VELA-1-1.jpg","datePublished":"2025-06-15T13:52:00+00:00","dateModified":"2025-06-15T13:54:07+00:00","breadcrumb":{"@id":"https:\/\/damthithuy.com\/index.php\/tiem-nen-thom-vela\/#breadcrumb"},"inLanguage":"en-US","potentialAction":[{"@type":"ReadAction","target":["https:\/\/damthithuy.com\/index.php\/tiem-nen-thom-vela\/"]}]},{"@type":"ImageObject","inLanguage":"en-US","@id":"https:\/\/damthithuy.com\/index.php\/tiem-nen-thom-vela\/#primaryimage","url":"https:\/\/damthithuy.com\/wp-content\/uploads\/2025\/06\/anh-nen-thom-VELA-1-1.jpg","contentUrl":"https:\/\/damthithuy.com\/wp-content\/uploads\/2025\/06\/anh-nen-thom-VELA-1-1.jpg","width":1472,"height":832},{"@type":"BreadcrumbList","@id":"https:\/\/damthithuy.com\/index.php\/tiem-nen-thom-vela\/#breadcrumb","itemListElement":[{"@type":"ListItem","position":1,"name":"Home","item":"https:\/\/damthithuy.com\/"},{"@type":"ListItem","position":2,"name":"TI\u1ec6M N\u1ebeN TH\u01a0M VELA"}]},{"@type":"WebSite","@id":"https:\/\/damthithuy.com\/#website","url":"https:\/\/damthithuy.com\/","name":"Pink Unicorn","description":"","potentialAction":[{"@type":"SearchAction","target":{"@type":"EntryPoint","urlTemplate":"https:\/\/damthithuy.com\/?s={search_term_string}"},"query-input":{"@type":"PropertyValueSpecification","valueRequired":true,"valueName":"search_term_string"}}],"inLanguage":"en-US"}]}},"_links":{"self":[{"href":"https:\/\/damthithuy.com\/index.php\/wp-json\/wp\/v2\/pages\/1762","targetHints":{"allow":["GET"]}}],"collection":[{"href":"https:\/\/damthithuy.com\/index.php\/wp-json\/wp\/v2\/pages"}],"about":[{"href":"https:\/\/damthithuy.com\/index.php\/wp-json\/wp\/v2\/types\/page"}],"author":[{"embeddable":true,"href":"https:\/\/damthithuy.com\/index.php\/wp-json\/wp\/v2\/users\/11"}],"replies":[{"embeddable":true,"href":"https:\/\/damthithuy.com\/index.php\/wp-json\/wp\/v2\/comments?post=1762"}],"version-history":[{"count":3,"href":"https:\/\/damthithuy.com\/index.php\/wp-json\/wp\/v2\/pages\/1762\/revisions"}],"predecessor-version":[{"id":1771,"href":"https:\/\/damthithuy.com\/index.php\/wp-json\/wp\/v2\/pages\/1762\/revisions\/1771"}],"wp:attachment":[{"href":"https:\/\/damthithuy.com\/index.php\/wp-json\/wp\/v2\/media?parent=1762"}],"curies":[{"name":"wp","href":"https:\/\/api.w.org\/{rel}","templated":true}]}}