{"id":1687,"date":"2025-06-15T03:29:00","date_gmt":"2025-06-15T03:29:00","guid":{"rendered":"https:\/\/damthithuy.com\/?page_id=1687"},"modified":"2025-06-15T05:45:22","modified_gmt":"2025-06-15T05:45:22","slug":"keeply-san-pham","status":"publish","type":"page","link":"https:\/\/damthithuy.com\/index.php\/keeply\/keeply-san-pham\/","title":{"rendered":"KEEPLY &#8211; S\u1ea2N PH\u1ea8M"},"content":{"rendered":"\n<div class=\"wp-block-group alignfull has-global-padding is-layout-constrained wp-container-core-group-is-layout-0c9c989a wp-block-group-is-layout-constrained\" style=\"min-height:0vh;margin-top:0;margin-bottom:0;padding-top:var(--wp--preset--spacing--70);padding-right:var(--wp--preset--spacing--40);padding-bottom:var(--wp--preset--spacing--70);padding-left:var(--wp--preset--spacing--40)\">\n<div class=\"wp-block-group has-global-padding is-layout-constrained wp-container-core-group-is-layout-346627ba wp-block-group-is-layout-constrained\">\n<h2 class=\"wp-block-heading has-text-align-center has-xx-large-font-size\" style=\"margin-right:0;margin-left:0;padding-right:0;padding-left:0\">T\u1eeb KEEPLY<\/h2>\n\n\n\n<p class=\"has-text-align-center\">M\u1ed7i chi\u1ebfc b\u00ecnh l\u00e0 m\u1ed9t l\u1eddi nh\u1eafn nh\u1ee7 d\u1ecbu d\u00e0ng: h\u00e3y y\u00eau th\u01b0\u01a1ng b\u1ea3n th\u00e2n, ch\u0103m s\u00f3c t\u1eebng kho\u1ea3nh kh\u1eafc nh\u1ecf trong ng\u00e0y.<\/p>\n<\/div>\n<\/div>\n\n\n\n<div class=\"wp-block-group alignfull has-global-padding is-layout-constrained wp-container-core-group-is-layout-ebee8dc1 wp-block-group-is-layout-constrained\" style=\"margin-top:0;margin-bottom:0;padding-top:var(--wp--preset--spacing--50);padding-bottom:var(--wp--preset--spacing--50)\">\n<h2 class=\"wp-block-heading alignwide has-text-align-center has-manrope-font-family has-xx-large-font-size\">S\u1ea2N PH\u1ea8M &amp; D\u1ecaCH V\u1ee4<\/h2>\n\n\n\n<p class=\"has-text-align-center has-x-large-font-size\">D\u1ecaCH V\u1ee4<\/p>\n\n\n\n<div class=\"wp-block-columns alignwide is-layout-flex wp-container-core-columns-is-layout-28f84493 wp-block-columns-is-layout-flex\">\n<div class=\"wp-block-column is-layout-flow wp-block-column-is-layout-flow\">\n<figure class=\"wp-block-image size-full\" style=\"margin-bottom:24px\"><img fetchpriority=\"high\" decoding=\"async\" width=\"1024\" height=\"1024\" src=\"https:\/\/damthithuy.com\/wp-content\/uploads\/2025\/06\/dd1-1.jpg\" alt=\"\" class=\"wp-image-1667\" style=\"aspect-ratio:4\/3;object-fit:cover\" srcset=\"https:\/\/damthithuy.com\/wp-content\/uploads\/2025\/06\/dd1-1.jpg 1024w, https:\/\/damthithuy.com\/wp-content\/uploads\/2025\/06\/dd1-1-300x300.jpg 300w, https:\/\/damthithuy.com\/wp-content\/uploads\/2025\/06\/dd1-1-150x150.jpg 150w, https:\/\/damthithuy.com\/wp-content\/uploads\/2025\/06\/dd1-1-768x768.jpg 768w\" sizes=\"(max-width: 1024px) 100vw, 1024px\" \/><\/figure>\n\n\n\n<h3 class=\"wp-block-heading\">B\u00ccNH KH\u1eaeC T\u00caN THEO Y\u00caU C\u1ea6U<\/h3>\n\n\n\n<p class=\"has-medium-font-size\">G\u1eedi g\u1eafm d\u1ea5u \u1ea5n ri\u00eang tr\u00ean t\u1eebng chi\u1ebfc b\u00ecnh \u2013 m\u00f3n qu\u00e0 \u00fd ngh\u0129a cho b\u1ea3n th\u00e2n hay ng\u01b0\u1eddi th\u00e2n y\u00eau.<\/p>\n<\/div>\n\n\n\n<div class=\"wp-block-column is-layout-flow wp-block-column-is-layout-flow\">\n<figure class=\"wp-block-image size-full\" style=\"margin-bottom:24px\"><img decoding=\"async\" width=\"888\" height=\"787\" src=\"https:\/\/damthithuy.com\/wp-content\/uploads\/2025\/06\/dd2-1.webp\" alt=\"\" class=\"wp-image-1668\" style=\"aspect-ratio:4\/3;object-fit:cover\" srcset=\"https:\/\/damthithuy.com\/wp-content\/uploads\/2025\/06\/dd2-1.webp 888w, https:\/\/damthithuy.com\/wp-content\/uploads\/2025\/06\/dd2-1-300x266.webp 300w, https:\/\/damthithuy.com\/wp-content\/uploads\/2025\/06\/dd2-1-768x681.webp 768w\" sizes=\"(max-width: 888px) 100vw, 888px\" \/><\/figure>\n\n\n\n<h3 class=\"wp-block-heading\">SET QU\u00c0 T\u1eb6NG B\u00ccNH GI\u1eee NHI\u1ec6T \u0110\u1ed8C \u0110\u00c1O<\/h3>\n\n\n\n<p class=\"has-medium-font-size\">Tinh t\u1ebf trong t\u1eebng chi ti\u1ebft, b\u1ed9 qu\u00e0 t\u1eb7ng sang tr\u1ecdng \u2013 l\u1ef1a ch\u1ecdn ho\u00e0n h\u1ea3o cho d\u1ecbp \u0111\u1eb7c bi\u1ec7t.<\/p>\n<\/div>\n\n\n\n<div class=\"wp-block-column is-layout-flow wp-block-column-is-layout-flow\">\n<figure class=\"wp-block-image size-full\" style=\"margin-bottom:24px\"><img decoding=\"async\" width=\"1000\" height=\"1000\" src=\"https:\/\/damthithuy.com\/wp-content\/uploads\/2025\/06\/dd3-1.jpg\" alt=\"\" class=\"wp-image-1669\" style=\"aspect-ratio:4\/3;object-fit:cover\" srcset=\"https:\/\/damthithuy.com\/wp-content\/uploads\/2025\/06\/dd3-1.jpg 1000w, https:\/\/damthithuy.com\/wp-content\/uploads\/2025\/06\/dd3-1-300x300.jpg 300w, https:\/\/damthithuy.com\/wp-content\/uploads\/2025\/06\/dd3-1-150x150.jpg 150w, https:\/\/damthithuy.com\/wp-content\/uploads\/2025\/06\/dd3-1-768x768.jpg 768w\" sizes=\"(max-width: 1000px) 100vw, 1000px\" \/><\/figure>\n\n\n\n<h3 class=\"wp-block-heading\">B\u00ccNH GI\u1eee NHI\u1ec6T CAO C\u1ea4P<\/h3>\n\n\n\n<p class=\"has-medium-font-size\">Ch\u1ea5t l\u01b0\u1ee3ng v\u01b0\u1ee3t tr\u1ed9i, thi\u1ebft k\u1ebf hi\u1ec7n \u0111\u1ea1i \u2013 gi\u1eef tr\u1ecdn h\u01b0\u01a1ng v\u1ecb theo c\u00e1ch b\u1ea1n mong mu\u1ed1n.<\/p>\n<\/div>\n<\/div>\n\n\n\n<div class=\"wp-block-group alignfull has-global-padding is-content-justification-center is-layout-constrained wp-container-core-group-is-layout-df757ecc wp-block-group-is-layout-constrained\" style=\"margin-top:0;margin-bottom:0;padding-top:calc( 0.5 * var(--wp--style--root--padding-right, var(--wp--custom--gap--horizontal)));padding-right:var(--wp--style--root--padding-right, var(--wp--custom--gap--horizontal));padding-bottom:calc( 0.5 * var(--wp--style--root--padding-right, var(--wp--custom--gap--horizontal)));padding-left:var(--wp--style--root--padding-left, var(--wp--custom--gap--horizontal))\">\n<div style=\"height:calc( 0.25 * var(--wp--style--root--padding-right, var(--wp--custom--gap--horizontal)))\" aria-hidden=\"true\" class=\"wp-block-spacer\"><\/div>\n\n\n\n<h2 class=\"wp-block-heading has-text-align-center has-text-color has-link-color has-xx-large-font-size wp-elements-affa8c38567c8a99f02641bcd9a99e5d\" style=\"color:#0535e6\"><strong>S\u1ea2N PH\u1ea8M M\u1edaI<\/strong><\/h2>\n\n\n\n<div class=\"wp-block-group alignwide is-layout-flow wp-block-group-is-layout-flow\">\n<div class=\"wp-block-group is-layout-flow wp-block-group-is-layout-flow\">\n<div style=\"height:var(--wp--preset--spacing--20)\" aria-hidden=\"true\" class=\"wp-block-spacer\"><\/div>\n\n\n\n<div class=\"wp-block-columns alignwide is-layout-flex wp-container-core-columns-is-layout-d0846407 wp-block-columns-is-layout-flex\">\n<div class=\"wp-block-column is-layout-flow wp-block-column-is-layout-flow\">\n<figure class=\"wp-block-image size-full has-custom-border\"><img decoding=\"async\" src=\"https:\/\/keeply6.wordpress.com\/wp-content\/uploads\/2025\/05\/binh-giu-nhiet-vuong-hokori-ghi-12l-18l-1.jpg\" alt=\"\" class=\"wp-image-31\" style=\"border-radius:20px;aspect-ratio:1;object-fit:cover\"\/><\/figure>\n\n\n\n<div class=\"wp-block-group has-text-color has-link-color wp-elements-f7441e4dd82e9f1a46c1deeb6a1bc1c2 is-layout-flow wp-block-group-is-layout-flow\" style=\"color:#0c0cfa\">\n<h3 class=\"wp-block-heading has-text-align-center is-service-name has-text-color has-link-color wp-elements-4ec0043839e949d50f38be4b3ef50b77\" style=\"color:#0721eb\">B\u00ecnh gi\u1eef nhi\u1ec7t picnic<\/h3>\n\n\n\n<div class=\"wp-block-buttons is-content-justification-center is-layout-flex wp-container-core-buttons-is-layout-a89b3969 wp-block-buttons-is-layout-flex\">\n<div class=\"wp-block-button is-style-outline is-style-outline--1\"><a class=\"wp-block-button__link wp-element-button\" href=\"https:\/\/keeply6.wordpress.com\/san-pham-ban-chay\/\">\u0110\u1eb7t h\u00e0ng ngay<\/a><\/div>\n<\/div>\n<\/div>\n<\/div>\n\n\n\n<div class=\"wp-block-column is-layout-flow wp-block-column-is-layout-flow\">\n<figure class=\"wp-block-image size-full has-custom-border\"><img decoding=\"async\" src=\"https:\/\/keeply6.wordpress.com\/wp-content\/uploads\/2025\/05\/lhc3249wht-b80007810_1-1.webp\" alt=\"\" class=\"wp-image-32\" style=\"border-radius:20px;aspect-ratio:1;object-fit:cover\"\/><\/figure>\n\n\n\n<div class=\"wp-block-group is-layout-flow wp-block-group-is-layout-flow\">\n<h3 class=\"wp-block-heading has-text-align-center is-service-name has-text-color has-link-color wp-elements-931bf933599e5a32c3bfe9e21daa3a25\" style=\"color:#0d0df4\">B\u00ecnh gi\u1eef nhi\u1ec7t th\u1ec3 thao<\/h3>\n<\/div>\n\n\n\n<div class=\"wp-block-buttons is-content-justification-center is-layout-flex wp-container-core-buttons-is-layout-a89b3969 wp-block-buttons-is-layout-flex\">\n<div class=\"wp-block-button is-style-outline is-style-outline--2\"><a class=\"wp-block-button__link has-text-color has-link-color wp-element-button\" href=\"https:\/\/keeply6.wordpress.com\/san-pham-ban-chay\/\" style=\"color:#1313f1;box-shadow:var(--wp--preset--shadow--sharp-2)\">\u0110\u1eb7t h\u00e0ng ngay<\/a><\/div>\n<\/div>\n<\/div>\n\n\n\n<div class=\"wp-block-column is-layout-flow wp-block-column-is-layout-flow\">\n<figure class=\"wp-block-image size-full has-custom-border\"><img decoding=\"async\" src=\"https:\/\/keeply6.wordpress.com\/wp-content\/uploads\/2025\/05\/binh-giu-nhiet-lock-lock-feather-light-lhc4131bkr-1-1.jpg\" alt=\"\" class=\"wp-image-33\" style=\"border-radius:20px\"\/><\/figure>\n\n\n\n<h3 class=\"wp-block-heading has-text-align-center is-service-name has-text-color has-link-color wp-elements-98717cd49f334c20bf7718e2573a7875\" style=\"color:#0c4ef7\">B\u00ecnh gi\u1eef nhi\u1ec7t cao c\u1ea5p<\/h3>\n\n\n\n<div class=\"wp-block-buttons is-content-justification-center is-layout-flex wp-container-core-buttons-is-layout-a89b3969 wp-block-buttons-is-layout-flex\">\n<div class=\"wp-block-button is-style-outline is-style-outline--3\"><a class=\"wp-block-button__link has-text-color has-link-color wp-element-button\" href=\"https:\/\/keeply6.wordpress.com\/san-pham-ban-chay\/\" style=\"color:#2626e3\">\u0110\u1eb7t h\u00e0ng ngay<\/a><\/div>\n<\/div>\n<\/div>\n<\/div>\n<\/div>\n<\/div>\n\n\n\n<div class=\"wp-block-group is-nowrap is-layout-flex wp-container-core-group-is-layout-6c531013 wp-block-group-is-layout-flex\">\n<div style=\"height:17px;width:0px\" aria-hidden=\"true\" class=\"wp-block-spacer wp-container-content-fd0eeb70\"><\/div>\n<\/div>\n<\/div>\n\n\n\n<div class=\"wp-block-group is-layout-grid wp-container-core-group-is-layout-478b6e6b wp-block-group-is-layout-grid\">\n<figure class=\"wp-block-image size-large\"><img decoding=\"async\" src=\"https:\/\/keeply6.wordpress.com\/wp-content\/uploads\/2025\/05\/z7.jpg?w=1024\" alt=\"\" class=\"wp-image-143\"\/><\/figure>\n\n\n\n<figure class=\"wp-block-image size-large\"><img decoding=\"async\" src=\"https:\/\/keeply6.wordpress.com\/wp-content\/uploads\/2025\/05\/z6.jpg?w=1000\" alt=\"\" class=\"wp-image-144\"\/><\/figure>\n\n\n\n<figure class=\"wp-block-image size-large\"><img decoding=\"async\" src=\"https:\/\/keeply6.wordpress.com\/wp-content\/uploads\/2025\/05\/z2.jpg?w=1024\" alt=\"\" class=\"wp-image-145\"\/><\/figure>\n<\/div>\n\n\n\n<div class=\"wp-block-group is-layout-grid wp-container-core-group-is-layout-478b6e6b wp-block-group-is-layout-grid\">\n<p class=\"has-text-align-center\">B\u00ecnh gi\u1eef nhi\u1ec7t 2 ng\u0103n<\/p>\n\n\n\n<p class=\"has-text-align-center\">B\u00ecnh gi\u1eef nhi\u1ec7t mini<\/p>\n\n\n\n<p class=\"has-text-align-center\">B\u00ecnh gi\u1eef nhi\u1ec7t c\u1ee1 nh\u1ecf<\/p>\n\n\n\n<p class=\"has-text-align-center wp-container-content-69bc4bdf\">200.000<\/p>\n\n\n\n<p class=\"has-text-align-center\">300.000 <\/p>\n\n\n\n<p class=\"has-text-align-center\">400.000<\/p>\n<\/div>\n\n\n\n<div class=\"wp-block-group is-layout-grid wp-container-core-group-is-layout-478b6e6b wp-block-group-is-layout-grid\">\n<figure class=\"wp-block-image size-large\"><img decoding=\"async\" src=\"https:\/\/keeply6.wordpress.com\/wp-content\/uploads\/2025\/05\/z1.png?w=1024\" alt=\"\" class=\"wp-image-149\"\/><\/figure>\n\n\n\n<figure class=\"wp-block-image size-large\"><img decoding=\"async\" src=\"https:\/\/keeply6.wordpress.com\/wp-content\/uploads\/2025\/05\/z7.png?w=360\" alt=\"\" class=\"wp-image-148\"\/><\/figure>\n\n\n\n<figure class=\"wp-block-image size-large\"><img decoding=\"async\" src=\"https:\/\/keeply6.wordpress.com\/wp-content\/uploads\/2025\/05\/z3.jpg?w=600\" alt=\"\" class=\"wp-image-150\"\/><\/figure>\n<\/div>\n\n\n\n<div class=\"wp-block-group is-layout-grid wp-container-core-group-is-layout-478b6e6b wp-block-group-is-layout-grid\">\n<p class=\"has-text-align-center\">B\u00ecnh inox<\/p>\n\n\n\n<p class=\"has-text-align-center\">B\u00ecnh GK345 <\/p>\n\n\n\n<p class=\"has-text-align-center\">B\u00ecnh MS331<\/p>\n<\/div>\n\n\n\n<div class=\"wp-block-group is-layout-grid wp-container-core-group-is-layout-478b6e6b wp-block-group-is-layout-grid\">\n<p class=\"has-text-align-center\">250.000<\/p>\n\n\n\n<p class=\"has-text-align-center\">320.000<\/p>\n\n\n\n<p class=\"has-text-align-center\">330.000<\/p>\n<\/div>\n\n\n\n<div class=\"wp-block-group is-layout-grid wp-container-core-group-is-layout-478b6e6b wp-block-group-is-layout-grid\">\n<figure class=\"wp-block-image size-large\"><img decoding=\"async\" src=\"https:\/\/keeply6.wordpress.com\/wp-content\/uploads\/2025\/05\/z5.jpg?w=512\" alt=\"\" class=\"wp-image-152\"\/><\/figure>\n\n\n\n<figure class=\"wp-block-image size-large\"><img decoding=\"async\" src=\"https:\/\/keeply6.wordpress.com\/wp-content\/uploads\/2025\/05\/5-4.jpg?w=800\" alt=\"\" class=\"wp-image-153\"\/><\/figure>\n\n\n\n<figure class=\"wp-block-image size-large\"><img decoding=\"async\" src=\"https:\/\/keeply6.wordpress.com\/wp-content\/uploads\/2025\/05\/binh-giu-nhiet-lock-lock-feather-light-lhc4131bkr-1-4.jpg?w=1024\" alt=\"\" class=\"wp-image-154\"\/><\/figure>\n<\/div>\n\n\n\n<div class=\"wp-block-group is-layout-grid wp-container-core-group-is-layout-478b6e6b wp-block-group-is-layout-grid\">\n<p class=\"has-text-align-center\">B\u00ecnh Inox 316<\/p>\n\n\n\n<p class=\"has-text-align-center\">B\u00ecnh \u0111un c\u1ee1 l\u1edbn<\/p>\n\n\n\n<p class=\"has-text-align-center\">B\u00ecnh Lock&amp;Lock<\/p>\n\n\n\n<p class=\"has-text-align-center wp-container-content-69bc4bdf\">290.000<\/p>\n\n\n\n<p class=\"has-text-align-center\">340.000 <\/p>\n\n\n\n<p class=\"has-text-align-center\">720.000<\/p>\n<\/div>\n\n\n\n<div class=\"wp-block-group alignfull has-text-color has-link-color wp-elements-c464abd7ba018fe1beaef4b7f229197a has-global-padding is-content-justification-center is-layout-constrained wp-container-core-group-is-layout-df757ecc wp-block-group-is-layout-constrained\" style=\"color:#1114f5;margin-top:0;margin-bottom:0;padding-top:calc( 0.5 * var(--wp--style--root--padding-right, var(--wp--custom--gap--horizontal)));padding-right:var(--wp--style--root--padding-right, var(--wp--custom--gap--horizontal));padding-bottom:calc( 0.5 * var(--wp--style--root--padding-right, var(--wp--custom--gap--horizontal)));padding-left:var(--wp--style--root--padding-left, var(--wp--custom--gap--horizontal))\">\n<div style=\"height:16px\" aria-hidden=\"true\" class=\"wp-block-spacer\"><\/div>\n\n\n\n<div style=\"height:calc( 0.25 * var(--wp--style--root--padding-right, var(--wp--custom--gap--horizontal)))\" aria-hidden=\"true\" class=\"wp-block-spacer\"><\/div>\n\n\n\n<p class=\"has-text-color has-link-color wp-elements-59a16dea307142b32677532a82167091\" style=\"color:#206bf6\"><\/p>\n<\/div>\n\n\n\n<figure class=\"wp-block-image size-full\"><img loading=\"lazy\" decoding=\"async\" width=\"1811\" height=\"2560\" src=\"https:\/\/damthithuy.com\/wp-content\/uploads\/2025\/06\/Thiet-ke-chua-co-ten-5-1.png\" alt=\"\" class=\"wp-image-1655\" style=\"aspect-ratio:1;object-fit:cover\" srcset=\"https:\/\/damthithuy.com\/wp-content\/uploads\/2025\/06\/Thiet-ke-chua-co-ten-5-1.png 1811w, https:\/\/damthithuy.com\/wp-content\/uploads\/2025\/06\/Thiet-ke-chua-co-ten-5-1-212x300.png 212w, https:\/\/damthithuy.com\/wp-content\/uploads\/2025\/06\/Thiet-ke-chua-co-ten-5-1-724x1024.png 724w, https:\/\/damthithuy.com\/wp-content\/uploads\/2025\/06\/Thiet-ke-chua-co-ten-5-1-768x1086.png 768w, https:\/\/damthithuy.com\/wp-content\/uploads\/2025\/06\/Thiet-ke-chua-co-ten-5-1-1087x1536.png 1087w, https:\/\/damthithuy.com\/wp-content\/uploads\/2025\/06\/Thiet-ke-chua-co-ten-5-1-1449x2048.png 1449w\" sizes=\"(max-width: 1811px) 100vw, 1811px\" \/><\/figure>\n\n\n\n<p><\/p>\n<\/div>\n\n\n\n<p><\/p>\n","protected":false},"excerpt":{"rendered":"<p>T\u1eeb KEEPLY M\u1ed7i chi\u1ebfc b\u00ecnh l\u00e0 m\u1ed9t l\u1eddi nh\u1eafn nh\u1ee7 d\u1ecbu d\u00e0ng: h\u00e3y y\u00eau th\u01b0\u01a1ng b\u1ea3n th\u00e2n, ch\u0103m s\u00f3c t\u1eebng kho\u1ea3nh kh\u1eafc nh\u1ecf trong ng\u00e0y. S\u1ea2N PH\u1ea8M &amp; D\u1ecaCH V\u1ee4 D\u1ecaCH V\u1ee4 B\u00ccNH KH\u1eaeC T\u00caN THEO Y\u00caU C\u1ea6U G\u1eedi g\u1eafm d\u1ea5u \u1ea5n ri\u00eang tr\u00ean t\u1eebng chi\u1ebfc b\u00ecnh \u2013 m\u00f3n qu\u00e0 \u00fd ngh\u0129a cho b\u1ea3n th\u00e2n [&hellip;]<\/p>\n","protected":false},"author":8,"featured_media":0,"parent":1652,"menu_order":0,"comment_status":"closed","ping_status":"closed","template":"","meta":{"footnotes":""},"class_list":["post-1687","page","type-page","status-publish","hentry"],"yoast_head":"<!-- This site is optimized with the Yoast SEO plugin v25.1 - https:\/\/yoast.com\/wordpress\/plugins\/seo\/ -->\n<title>KEEPLY - S\u1ea2N PH\u1ea8M - Pink Unicorn<\/title>\n<meta name=\"robots\" content=\"index, follow, max-snippet:-1, max-image-preview:large, max-video-preview:-1\" \/>\n<link rel=\"canonical\" href=\"https:\/\/damthithuy.com\/index.php\/keeply\/keeply-san-pham\/\" \/>\n<meta property=\"og:locale\" content=\"en_US\" \/>\n<meta property=\"og:type\" content=\"article\" \/>\n<meta property=\"og:title\" content=\"KEEPLY - S\u1ea2N PH\u1ea8M - Pink Unicorn\" \/>\n<meta property=\"og:description\" content=\"T\u1eeb KEEPLY M\u1ed7i chi\u1ebfc b\u00ecnh l\u00e0 m\u1ed9t l\u1eddi nh\u1eafn nh\u1ee7 d\u1ecbu d\u00e0ng: h\u00e3y y\u00eau th\u01b0\u01a1ng b\u1ea3n th\u00e2n, ch\u0103m s\u00f3c t\u1eebng kho\u1ea3nh kh\u1eafc nh\u1ecf trong ng\u00e0y. S\u1ea2N PH\u1ea8M &amp; D\u1ecaCH V\u1ee4 D\u1ecaCH V\u1ee4 B\u00ccNH KH\u1eaeC T\u00caN THEO Y\u00caU C\u1ea6U G\u1eedi g\u1eafm d\u1ea5u \u1ea5n ri\u00eang tr\u00ean t\u1eebng chi\u1ebfc b\u00ecnh \u2013 m\u00f3n qu\u00e0 \u00fd ngh\u0129a cho b\u1ea3n th\u00e2n [&hellip;]\" \/>\n<meta property=\"og:url\" content=\"https:\/\/damthithuy.com\/index.php\/keeply\/keeply-san-pham\/\" \/>\n<meta property=\"og:site_name\" content=\"Pink Unicorn\" \/>\n<meta property=\"article:modified_time\" content=\"2025-06-15T05:45:22+00:00\" \/>\n<meta property=\"og:image\" content=\"https:\/\/damthithuy.com\/wp-content\/uploads\/2025\/06\/dd1-1.jpg\" \/>\n\t<meta property=\"og:image:width\" content=\"1024\" \/>\n\t<meta property=\"og:image:height\" content=\"1024\" \/>\n\t<meta property=\"og:image:type\" content=\"image\/jpeg\" \/>\n<meta name=\"twitter:card\" content=\"summary_large_image\" \/>\n<meta name=\"twitter:label1\" content=\"Est. reading time\" \/>\n\t<meta name=\"twitter:data1\" content=\"4 minutes\" \/>\n<script type=\"application\/ld+json\" class=\"yoast-schema-graph\">{\"@context\":\"https:\/\/schema.org\",\"@graph\":[{\"@type\":\"WebPage\",\"@id\":\"https:\/\/damthithuy.com\/index.php\/keeply\/keeply-san-pham\/\",\"url\":\"https:\/\/damthithuy.com\/index.php\/keeply\/keeply-san-pham\/\",\"name\":\"KEEPLY - S\u1ea2N PH\u1ea8M - Pink Unicorn\",\"isPartOf\":{\"@id\":\"https:\/\/damthithuy.com\/#website\"},\"primaryImageOfPage\":{\"@id\":\"https:\/\/damthithuy.com\/index.php\/keeply\/keeply-san-pham\/#primaryimage\"},\"image\":{\"@id\":\"https:\/\/damthithuy.com\/index.php\/keeply\/keeply-san-pham\/#primaryimage\"},\"thumbnailUrl\":\"https:\/\/damthithuy.com\/wp-content\/uploads\/2025\/06\/dd1-1.jpg\",\"datePublished\":\"2025-06-15T03:29:00+00:00\",\"dateModified\":\"2025-06-15T05:45:22+00:00\",\"breadcrumb\":{\"@id\":\"https:\/\/damthithuy.com\/index.php\/keeply\/keeply-san-pham\/#breadcrumb\"},\"inLanguage\":\"en-US\",\"potentialAction\":[{\"@type\":\"ReadAction\",\"target\":[\"https:\/\/damthithuy.com\/index.php\/keeply\/keeply-san-pham\/\"]}]},{\"@type\":\"ImageObject\",\"inLanguage\":\"en-US\",\"@id\":\"https:\/\/damthithuy.com\/index.php\/keeply\/keeply-san-pham\/#primaryimage\",\"url\":\"https:\/\/damthithuy.com\/wp-content\/uploads\/2025\/06\/dd1-1.jpg\",\"contentUrl\":\"https:\/\/damthithuy.com\/wp-content\/uploads\/2025\/06\/dd1-1.jpg\",\"width\":1024,\"height\":1024},{\"@type\":\"BreadcrumbList\",\"@id\":\"https:\/\/damthithuy.com\/index.php\/keeply\/keeply-san-pham\/#breadcrumb\",\"itemListElement\":[{\"@type\":\"ListItem\",\"position\":1,\"name\":\"Home\",\"item\":\"https:\/\/damthithuy.com\/\"},{\"@type\":\"ListItem\",\"position\":2,\"name\":\"KEEPLY\",\"item\":\"https:\/\/damthithuy.com\/index.php\/keeply\/\"},{\"@type\":\"ListItem\",\"position\":3,\"name\":\"KEEPLY &#8211; S\u1ea2N PH\u1ea8M\"}]},{\"@type\":\"WebSite\",\"@id\":\"https:\/\/damthithuy.com\/#website\",\"url\":\"https:\/\/damthithuy.com\/\",\"name\":\"Pink Unicorn\",\"description\":\"\",\"potentialAction\":[{\"@type\":\"SearchAction\",\"target\":{\"@type\":\"EntryPoint\",\"urlTemplate\":\"https:\/\/damthithuy.com\/?s={search_term_string}\"},\"query-input\":{\"@type\":\"PropertyValueSpecification\",\"valueRequired\":true,\"valueName\":\"search_term_string\"}}],\"inLanguage\":\"en-US\"}]}<\/script>\n<!-- \/ Yoast SEO plugin. -->","yoast_head_json":{"title":"KEEPLY - S\u1ea2N PH\u1ea8M - Pink Unicorn","robots":{"index":"index","follow":"follow","max-snippet":"max-snippet:-1","max-image-preview":"max-image-preview:large","max-video-preview":"max-video-preview:-1"},"canonical":"https:\/\/damthithuy.com\/index.php\/keeply\/keeply-san-pham\/","og_locale":"en_US","og_type":"article","og_title":"KEEPLY - S\u1ea2N PH\u1ea8M - Pink Unicorn","og_description":"T\u1eeb KEEPLY M\u1ed7i chi\u1ebfc b\u00ecnh l\u00e0 m\u1ed9t l\u1eddi nh\u1eafn nh\u1ee7 d\u1ecbu d\u00e0ng: h\u00e3y y\u00eau th\u01b0\u01a1ng b\u1ea3n th\u00e2n, ch\u0103m s\u00f3c t\u1eebng kho\u1ea3nh kh\u1eafc nh\u1ecf trong ng\u00e0y. S\u1ea2N PH\u1ea8M &amp; D\u1ecaCH V\u1ee4 D\u1ecaCH V\u1ee4 B\u00ccNH KH\u1eaeC T\u00caN THEO Y\u00caU C\u1ea6U G\u1eedi g\u1eafm d\u1ea5u \u1ea5n ri\u00eang tr\u00ean t\u1eebng chi\u1ebfc b\u00ecnh \u2013 m\u00f3n qu\u00e0 \u00fd ngh\u0129a cho b\u1ea3n th\u00e2n [&hellip;]","og_url":"https:\/\/damthithuy.com\/index.php\/keeply\/keeply-san-pham\/","og_site_name":"Pink Unicorn","article_modified_time":"2025-06-15T05:45:22+00:00","og_image":[{"width":1024,"height":1024,"url":"https:\/\/damthithuy.com\/wp-content\/uploads\/2025\/06\/dd1-1.jpg","type":"image\/jpeg"}],"twitter_card":"summary_large_image","twitter_misc":{"Est. reading time":"4 minutes"},"schema":{"@context":"https:\/\/schema.org","@graph":[{"@type":"WebPage","@id":"https:\/\/damthithuy.com\/index.php\/keeply\/keeply-san-pham\/","url":"https:\/\/damthithuy.com\/index.php\/keeply\/keeply-san-pham\/","name":"KEEPLY - S\u1ea2N PH\u1ea8M - Pink Unicorn","isPartOf":{"@id":"https:\/\/damthithuy.com\/#website"},"primaryImageOfPage":{"@id":"https:\/\/damthithuy.com\/index.php\/keeply\/keeply-san-pham\/#primaryimage"},"image":{"@id":"https:\/\/damthithuy.com\/index.php\/keeply\/keeply-san-pham\/#primaryimage"},"thumbnailUrl":"https:\/\/damthithuy.com\/wp-content\/uploads\/2025\/06\/dd1-1.jpg","datePublished":"2025-06-15T03:29:00+00:00","dateModified":"2025-06-15T05:45:22+00:00","breadcrumb":{"@id":"https:\/\/damthithuy.com\/index.php\/keeply\/keeply-san-pham\/#breadcrumb"},"inLanguage":"en-US","potentialAction":[{"@type":"ReadAction","target":["https:\/\/damthithuy.com\/index.php\/keeply\/keeply-san-pham\/"]}]},{"@type":"ImageObject","inLanguage":"en-US","@id":"https:\/\/damthithuy.com\/index.php\/keeply\/keeply-san-pham\/#primaryimage","url":"https:\/\/damthithuy.com\/wp-content\/uploads\/2025\/06\/dd1-1.jpg","contentUrl":"https:\/\/damthithuy.com\/wp-content\/uploads\/2025\/06\/dd1-1.jpg","width":1024,"height":1024},{"@type":"BreadcrumbList","@id":"https:\/\/damthithuy.com\/index.php\/keeply\/keeply-san-pham\/#breadcrumb","itemListElement":[{"@type":"ListItem","position":1,"name":"Home","item":"https:\/\/damthithuy.com\/"},{"@type":"ListItem","position":2,"name":"KEEPLY","item":"https:\/\/damthithuy.com\/index.php\/keeply\/"},{"@type":"ListItem","position":3,"name":"KEEPLY &#8211; S\u1ea2N PH\u1ea8M"}]},{"@type":"WebSite","@id":"https:\/\/damthithuy.com\/#website","url":"https:\/\/damthithuy.com\/","name":"Pink Unicorn","description":"","potentialAction":[{"@type":"SearchAction","target":{"@type":"EntryPoint","urlTemplate":"https:\/\/damthithuy.com\/?s={search_term_string}"},"query-input":{"@type":"PropertyValueSpecification","valueRequired":true,"valueName":"search_term_string"}}],"inLanguage":"en-US"}]}},"_links":{"self":[{"href":"https:\/\/damthithuy.com\/index.php\/wp-json\/wp\/v2\/pages\/1687","targetHints":{"allow":["GET"]}}],"collection":[{"href":"https:\/\/damthithuy.com\/index.php\/wp-json\/wp\/v2\/pages"}],"about":[{"href":"https:\/\/damthithuy.com\/index.php\/wp-json\/wp\/v2\/types\/page"}],"author":[{"embeddable":true,"href":"https:\/\/damthithuy.com\/index.php\/wp-json\/wp\/v2\/users\/8"}],"replies":[{"embeddable":true,"href":"https:\/\/damthithuy.com\/index.php\/wp-json\/wp\/v2\/comments?post=1687"}],"version-history":[{"count":2,"href":"https:\/\/damthithuy.com\/index.php\/wp-json\/wp\/v2\/pages\/1687\/revisions"}],"predecessor-version":[{"id":1722,"href":"https:\/\/damthithuy.com\/index.php\/wp-json\/wp\/v2\/pages\/1687\/revisions\/1722"}],"up":[{"embeddable":true,"href":"https:\/\/damthithuy.com\/index.php\/wp-json\/wp\/v2\/pages\/1652"}],"wp:attachment":[{"href":"https:\/\/damthithuy.com\/index.php\/wp-json\/wp\/v2\/media?parent=1687"}],"curies":[{"name":"wp","href":"https:\/\/api.w.org\/{rel}","templated":true}]}}