{"id":1403,"date":"2025-06-12T12:58:52","date_gmt":"2025-06-12T12:58:52","guid":{"rendered":"https:\/\/damthithuy.com\/?page_id=1403"},"modified":"2025-06-12T12:58:54","modified_gmt":"2025-06-12T12:58:54","slug":"the-wall-homie-homestay-ba-vi","status":"publish","type":"page","link":"https:\/\/damthithuy.com\/index.php\/the-wall-homie-homestay-ba-vi\/","title":{"rendered":"The Wall Homie"},"content":{"rendered":"\n<div class=\"wp-block-group alignfull has-global-padding is-layout-constrained wp-block-group-is-layout-constrained\" style=\"margin-top:0;margin-bottom:0\">\n<div class=\"wp-block-columns alignfull is-layout-flex wp-container-core-columns-is-layout-9c22b1e3 wp-block-columns-is-layout-flex\">\n<div class=\"wp-block-column is-layout-flow wp-block-column-is-layout-flow\" style=\"flex-basis:55%\">\n<div style=\"aspect-ratio:1;min-height:unset;\" class=\"wp-block-cover is-light has-aspect-ratio\"><img decoding=\"async\" class=\"wp-block-cover__image-background\" alt=\"Image of the book\" src=\"https:\/\/damthithuy.com\/wp-content\/themes\/twentytwentyfive\/assets\/images\/book-image-landing.webp\" data-object-fit=\"cover\"\/><span aria-hidden=\"true\" class=\"wp-block-cover__background has-background-dim-0 has-background-dim\" style=\"background-color:#6b6b6b\"><\/span><div class=\"wp-block-cover__inner-container is-layout-flow wp-block-cover-is-layout-flow\">\n<div style=\"height:var(--wp--preset--spacing--20)\" aria-hidden=\"true\" class=\"wp-block-spacer\"><\/div>\n\n\n\n<figure class=\"wp-block-image size-full is-resized\"><img fetchpriority=\"high\" decoding=\"async\" width=\"500\" height=\"500\" src=\"https:\/\/damthithuy.com\/wp-content\/uploads\/2025\/06\/Ban-sao-cua-Pink-and-White-Minimalist-Initial-Makeup-Artist-Logo.png\" alt=\"\" class=\"wp-image-1408\" style=\"width:635px;height:auto\" srcset=\"https:\/\/damthithuy.com\/wp-content\/uploads\/2025\/06\/Ban-sao-cua-Pink-and-White-Minimalist-Initial-Makeup-Artist-Logo.png 500w, https:\/\/damthithuy.com\/wp-content\/uploads\/2025\/06\/Ban-sao-cua-Pink-and-White-Minimalist-Initial-Makeup-Artist-Logo-300x300.png 300w, https:\/\/damthithuy.com\/wp-content\/uploads\/2025\/06\/Ban-sao-cua-Pink-and-White-Minimalist-Initial-Makeup-Artist-Logo-150x150.png 150w\" sizes=\"(max-width: 500px) 100vw, 500px\" \/><\/figure>\n<\/div><\/div>\n<\/div>\n\n\n\n<div class=\"wp-block-column is-vertically-aligned-center is-layout-flow wp-block-column-is-layout-flow\" style=\"padding-top:var(--wp--preset--spacing--60);padding-right:var(--wp--preset--spacing--60);padding-bottom:var(--wp--preset--spacing--60);padding-left:var(--wp--preset--spacing--60)\">\n<h2 class=\"wp-block-heading has-text-align-center has-xx-large-font-size\">Homestay Ba V\u00ec<\/h2>\n\n\n\n<p class=\"has-text-align-center\">\ud83c\udf80\ud835\udcaf\ud835\udcbd\ud835\udc52 \ud835\udcb2\ud835\udcb6\ud835\udcc1\ud835\udcc1 \ud835\udc3b\u2740\ud835\udcc2\ud835\udcbe\ud835\udc52 \ud83c\udf80<br>\u2665 N\u01a1i b\u00ecnh y\u00ean cho t\u00e2m h\u1ed3n ngh\u1ec9 ng\u01a1i<br>Ch\u00fang m\u00ecnh cung c\u1ea5p homestay ti\u1ec7n nghi, view c\u1ef1c chill, ph\u00f9 h\u1ee3p cho nh\u00f3m b\u1ea1n,gia \u0111\u00ecnh hay c\u1eb7p \u0111\u00f4i mu\u1ed1n &#8220;\u0111i tr\u1ed1n&#8221;ph\u1ed1 th\u1ecb. \u2665<\/p>\n\n\n\n<p class=\"has-medium-font-size\"><img decoding=\"async\" height=\"16\" width=\"16\" alt=\"\u260e\ufe0f\" src=\"https:\/\/static.xx.fbcdn.net\/images\/emoji.php\/v9\/t22\/1\/16\/260e.png\"> Hotline: 033 2443838 &#8211; 096 8123845<\/p>\n\n\n\n<p class=\"has-medium-font-size\"><img decoding=\"async\" height=\"16\" width=\"16\" alt=\"\ud83c\udfe1\" src=\"https:\/\/static.xx.fbcdn.net\/images\/emoji.php\/v9\/t77\/1\/16\/1f3e1.png\"> \u0110\u1ecba ch\u1ec9: Th\u00f4n Qu\u1ea3ng Ph\u00fac, x\u00e3 Y\u00ean B\u00e0i, Ba V\u00ec, Vi\u1ec7t Nam<\/p>\n<\/div>\n<\/div>\n<\/div>\n\n\n\n<div class=\"wp-block-group alignfull has-global-padding is-layout-constrained wp-container-core-group-is-layout-54af5b55 wp-block-group-is-layout-constrained\" style=\"margin-top:0;margin-bottom:0;padding-top:var(--wp--preset--spacing--60);padding-bottom:var(--wp--preset--spacing--60)\">\n<h2 class=\"wp-block-heading alignwide has-text-align-center has-x-large-font-size\">\u0110\u1eb7t l\u1ecbch ngay \u0111\u1ec3 \u0111\u01b0\u1ee3c t\u01b0 v\u1ea5n v\u00e0 nh\u1eadn \u01b0u \u0111\u00e3i h\u1ea5p d\u1eabn!<\/h2>\n\n\n\n<div class=\"wp-block-buttons alignwide has-custom-font-size has-medium-font-size is-content-justification-center is-layout-flex wp-container-core-buttons-is-layout-c124d1c4 wp-block-buttons-is-layout-flex\">\n<div class=\"wp-block-button\"><a class=\"wp-block-button__link wp-element-button\" href=\"https:\/\/www.facebook.com\/profile.php?id=61575748615556\">Facebook<\/a><\/div>\n\n\n\n<div class=\"wp-block-button\"><a class=\"wp-block-button__link wp-element-button\">Zalo<\/a><\/div>\n\n\n\n<div class=\"wp-block-button\"><a class=\"wp-block-button__link wp-element-button\">Tiktok<\/a><\/div>\n\n\n\n<div class=\"wp-block-button\"><a class=\"wp-block-button__link wp-element-button\">Instagram<\/a><\/div>\n\n\n\n<div class=\"wp-block-button\"><a class=\"wp-block-button__link wp-element-button\">Website<\/a><\/div>\n<\/div>\n\n\n\n<p class=\"has-text-align-center has-medium-font-size\">Outside Europe? View <a href=\"#\" rel=\"nofollow\">international editions<\/a>.<\/p>\n<\/div>\n\n\n\n<div class=\"wp-block-group alignfull has-global-padding is-layout-constrained wp-block-group-is-layout-constrained\" style=\"margin-top:0;margin-bottom:0;padding-top:var(--wp--preset--spacing--50);padding-bottom:var(--wp--preset--spacing--50)\">\n<div class=\"wp-block-columns alignwide is-layout-flex wp-container-core-columns-is-layout-fa584acd wp-block-columns-is-layout-flex\">\n<div class=\"wp-block-column is-vertically-aligned-center is-layout-flow wp-block-column-is-layout-flow\">\n<h2 class=\"wp-block-heading has-xx-large-font-size\">Kh\u00f4ng gian xanh<\/h2>\n\n\n\n<p class=\"has-medium-font-size\">The Wall Homie \u2013 homestay Ba V\u00ec \u2013 l\u00e0 \u0111i\u1ec3m \u0111\u1ebfn l\u00fd t\u01b0\u1edfng cho nh\u1eefng ai t\u00ecm ki\u1ebfm s\u1ef1 t\u0129nh l\u1eb7ng gi\u1eefa thi\u00ean nhi\u00ean. Bao quanh b\u1edfi \u0111\u1ed3i th\u00f4ng, v\u01b0\u1eddn xanh v\u00e0 b\u1ea7u kh\u00f4ng kh\u00ed trong l\u00e0nh, homestay mang l\u1ea1i c\u1ea3m gi\u00e1c th\u01b0 th\u00e1i ngay t\u1eeb b\u01b0\u1edbc ch\u00e2n \u0111\u1ea7u ti\u00ean. M\u1ed7i g\u00f3c nh\u1ecf \u0111\u1ec1u ng\u1eadp tr\u00e0n \u00e1nh s\u00e1ng t\u1ef1 nhi\u00ean v\u00e0 s\u1eafc xanh d\u1ecbu m\u00e1t, gi\u00fap b\u1ea1n d\u1ec5 d\u00e0ng &#8220;r\u00fat ph\u00edch&#8221; kh\u1ecfi nh\u1ecbp s\u1ed1ng v\u1ed9i v\u00e3. \u0110\u00e2y th\u1ef1c s\u1ef1 l\u00e0 homestay l\u00fd t\u01b0\u1edfng cho 2 ng\u01b0\u1eddi ho\u1eb7c nh\u00f3m b\u1ea1n mu\u1ed1n ngh\u1ec9 d\u01b0\u1ee1ng nh\u1eb9 nh\u00e0ng, g\u1ea7n g\u0169i thi\u00ean nhi\u00ean.<\/p>\n<\/div>\n\n\n\n<div class=\"wp-block-column is-vertically-aligned-center is-layout-flow wp-block-column-is-layout-flow\">\n<figure class=\"wp-block-image size-full\"><img loading=\"lazy\" decoding=\"async\" width=\"1280\" height=\"960\" src=\"https:\/\/damthithuy.com\/wp-content\/uploads\/2025\/06\/12-1.jpg\" alt=\"\" class=\"wp-image-1375\" style=\"aspect-ratio:1;object-fit:cover\" srcset=\"https:\/\/damthithuy.com\/wp-content\/uploads\/2025\/06\/12-1.jpg 1280w, https:\/\/damthithuy.com\/wp-content\/uploads\/2025\/06\/12-1-300x225.jpg 300w, https:\/\/damthithuy.com\/wp-content\/uploads\/2025\/06\/12-1-1024x768.jpg 1024w, https:\/\/damthithuy.com\/wp-content\/uploads\/2025\/06\/12-1-768x576.jpg 768w\" sizes=\"(max-width: 1280px) 100vw, 1280px\" \/><\/figure>\n<\/div>\n<\/div>\n<\/div>\n\n\n\n<div class=\"wp-block-group alignfull is-style-default has-global-padding is-layout-constrained wp-block-group-is-layout-constrained\" style=\"margin-top:0;margin-bottom:0;padding-top:var(--wp--preset--spacing--60);padding-bottom:var(--wp--preset--spacing--60)\">\n<div class=\"wp-block-columns alignwide is-layout-flex wp-container-core-columns-is-layout-6ef9061c wp-block-columns-is-layout-flex\">\n<div class=\"wp-block-column is-layout-flow wp-block-column-is-layout-flow\" style=\"flex-basis:60%\">\n<div class=\"wp-block-group is-vertical is-layout-flex wp-container-core-group-is-layout-913d5755 wp-block-group-is-layout-flex\" style=\"padding-bottom:var(--wp--preset--spacing--30)\">\n<h2 class=\"wp-block-heading\">International editions<\/h2>\n\n\n\n<p class=\"has-medium-font-size\">M\u1ed7i c\u0103n ph\u00f2ng t\u1ea1i The Wall Homie \u2013 homestay Ba V\u00ec \u2013 mang m\u1ed9t c\u00e1i t\u00ean \u0111\u1ea7y c\u1ea3m x\u00fac.<br>T\u1eeb \u201cC\u01a1n m\u01b0a th\u00e1ng 5\u201d \u0111\u1ebfn \u201cB\u00f4ng h\u1ed3ng th\u1ee7y tinh\u201d, m\u1ed7i ph\u00f2ng l\u00e0 m\u1ed9t c\u00e2u chuy\u1ec7n ri\u00eang bi\u1ec7t.<br>Kh\u00f4ng gian homestay \u1ea5m c\u00fang, g\u1ea7n g\u0169i, ph\u00f9 h\u1ee3p v\u1edbi nh\u1eefng ai y\u00eau s\u1ef1 nh\u1eb9 nh\u00e0ng v\u00e0 l\u00e3ng m\u1ea1n.<br>The Wall Homie kh\u00f4ng ch\u1ec9 l\u00e0 n\u01a1i \u1edf, m\u00e0 c\u00f2n l\u00e0 n\u01a1i l\u01b0u gi\u1eef c\u1ea3m x\u00fac trong t\u1eebng chi ti\u1ebft nh\u1ecf.<\/p>\n\n\n\n<p class=\"has-medium-font-size\"><\/p>\n<\/div>\n<\/div>\n\n\n\n<div class=\"wp-block-column is-layout-flow wp-block-column-is-layout-flow\" style=\"flex-basis:40%\">\n<div class=\"wp-block-columns is-layout-flex wp-container-core-columns-is-layout-28f84493 wp-block-columns-is-layout-flex\">\n<div class=\"wp-block-column is-layout-flow wp-container-core-column-is-layout-5dafc681 wp-block-column-is-layout-flow\">\n<div class=\"wp-block-group has-global-padding is-content-justification-left is-layout-constrained wp-container-core-group-is-layout-3540e7cd wp-block-group-is-layout-constrained\">\n<h3 class=\"wp-block-heading has-large-font-size\" style=\"font-style:normal;font-weight:500\">Australia<\/h3>\n\n\n\n<p class=\"has-medium-font-size\"><a href=\"#\">Book Store<\/a><\/p>\n<\/div>\n\n\n\n<div class=\"wp-block-group has-global-padding is-content-justification-left is-layout-constrained wp-container-core-group-is-layout-0b710646 wp-block-group-is-layout-constrained\">\n<h3 class=\"wp-block-heading has-large-font-size\" style=\"font-style:normal;font-weight:500\">Brazil<\/h3>\n\n\n\n<p class=\"has-medium-font-size\"><a href=\"#\">Book Store<\/a><\/p>\n<\/div>\n\n\n\n<div class=\"wp-block-group has-global-padding is-content-justification-left is-layout-constrained wp-container-core-group-is-layout-0b710646 wp-block-group-is-layout-constrained\">\n<h3 class=\"wp-block-heading has-large-font-size\" style=\"font-style:normal;font-weight:500\">Canada<\/h3>\n\n\n\n<p class=\"has-medium-font-size\"><a href=\"#\">Book Store<\/a><\/p>\n<\/div>\n\n\n\n<div class=\"wp-block-group has-global-padding is-content-justification-left is-layout-constrained wp-container-core-group-is-layout-0b710646 wp-block-group-is-layout-constrained\">\n<h3 class=\"wp-block-heading has-large-font-size\" style=\"font-style:normal;font-weight:500\">Japan<\/h3>\n\n\n\n<p class=\"has-medium-font-size\"><a href=\"#\">Book Store<\/a><\/p>\n<\/div>\n<\/div>\n\n\n\n<div class=\"wp-block-column is-layout-flow wp-container-core-column-is-layout-5dafc681 wp-block-column-is-layout-flow\">\n<div class=\"wp-block-group has-global-padding is-content-justification-left is-layout-constrained wp-container-core-group-is-layout-3540e7cd wp-block-group-is-layout-constrained\">\n<h3 class=\"wp-block-heading has-large-font-size\" style=\"font-style:normal;font-weight:500\">New Zealand<\/h3>\n\n\n\n<p class=\"has-medium-font-size\"><a href=\"#\">Book Store<\/a><\/p>\n<\/div>\n\n\n\n<div class=\"wp-block-group has-global-padding is-content-justification-left is-layout-constrained wp-container-core-group-is-layout-0b710646 wp-block-group-is-layout-constrained\">\n<h3 class=\"wp-block-heading has-large-font-size\" style=\"font-style:normal;font-weight:500\">Switzerland<\/h3>\n\n\n\n<p class=\"has-medium-font-size\"><a href=\"#\">Book Store<\/a><\/p>\n<\/div>\n\n\n\n<div class=\"wp-block-group has-global-padding is-content-justification-left is-layout-constrained wp-container-core-group-is-layout-0b710646 wp-block-group-is-layout-constrained\">\n<h3 class=\"wp-block-heading has-large-font-size\" style=\"font-style:normal;font-weight:500\">United States<\/h3>\n\n\n\n<p class=\"has-medium-font-size\"><a href=\"#\">Book Store<\/a><\/p>\n<\/div>\n\n\n\n<div class=\"wp-block-group has-global-padding is-content-justification-left is-layout-constrained wp-container-core-group-is-layout-0b710646 wp-block-group-is-layout-constrained\">\n<h3 class=\"wp-block-heading has-large-font-size\" style=\"font-style:normal;font-weight:500\">United Kingdom<\/h3>\n\n\n\n<p class=\"has-medium-font-size\"><a href=\"#\">Book Store<\/a><\/p>\n<\/div>\n<\/div>\n<\/div>\n<\/div>\n<\/div>\n<\/div>\n\n\n\n<div class=\"wp-block-group alignfull has-global-padding is-layout-constrained wp-block-group-is-layout-constrained\" style=\"margin-top:0;margin-bottom:0\">\n<div class=\"wp-block-group alignwide is-layout-flow wp-container-core-group-is-layout-d58a0413 wp-block-group-is-layout-flow\" style=\"padding-top:var(--wp--preset--spacing--50);padding-bottom:var(--wp--preset--spacing--50)\">\n<h2 class=\"wp-block-heading has-x-large-font-size\">Frequently Asked Questions<\/h2>\n\n\n\n<div class=\"wp-block-columns is-layout-flex wp-container-core-columns-is-layout-cbe57604 wp-block-columns-is-layout-flex\">\n<div class=\"wp-block-column is-layout-flow wp-block-column-is-layout-flow\">\n<div class=\"wp-block-group is-layout-flow wp-block-group-is-layout-flow\" style=\"border-top-color:var(--wp--preset--color--accent-6);border-top-width:1px;padding-top:var(--wp--preset--spacing--30);padding-bottom:var(--wp--preset--spacing--30)\">\n<h3 class=\"wp-block-heading\">What is The Stories Book about?<\/h3>\n\n\n\n<p>This exquisite compilation showcases a diverse array of photographs that capture the essence of different eras and cultures, reflecting the unique styles and perspectives of each artist.<\/p>\n<\/div>\n<\/div>\n\n\n\n<div class=\"wp-block-column is-layout-flow wp-block-column-is-layout-flow\">\n<div class=\"wp-block-group is-layout-flow wp-block-group-is-layout-flow\" style=\"border-top-color:var(--wp--preset--color--accent-6);border-top-width:1px;padding-top:var(--wp--preset--spacing--30);padding-bottom:var(--wp--preset--spacing--30)\">\n<h3 class=\"wp-block-heading\">How much does The Stories Book cost?<\/h3>\n\n\n\n<p>This exquisite compilation showcases a diverse array of photographs that capture the essence of different eras and cultures, reflecting the unique styles and perspectives of each artist.<\/p>\n<\/div>\n<\/div>\n<\/div>\n\n\n\n<div class=\"wp-block-columns is-layout-flex wp-container-core-columns-is-layout-cbe57604 wp-block-columns-is-layout-flex\">\n<div class=\"wp-block-column is-layout-flow wp-block-column-is-layout-flow\">\n<div class=\"wp-block-group is-layout-flow wp-block-group-is-layout-flow\" style=\"border-top-color:var(--wp--preset--color--accent-6);border-top-width:1px;padding-top:var(--wp--preset--spacing--30);padding-bottom:var(--wp--preset--spacing--30)\">\n<h3 class=\"wp-block-heading\">When will The Stories Book be released?<\/h3>\n\n\n\n<p>This exquisite compilation showcases a diverse array of photographs that capture the essence of different eras and cultures, reflecting the unique styles and perspectives of each artist.<\/p>\n<\/div>\n<\/div>\n\n\n\n<div class=\"wp-block-column is-layout-flow wp-block-column-is-layout-flow\">\n<div class=\"wp-block-group is-layout-flow wp-block-group-is-layout-flow\" style=\"border-top-color:var(--wp--preset--color--accent-6);border-top-width:1px;padding-top:var(--wp--preset--spacing--30);padding-bottom:var(--wp--preset--spacing--30)\">\n<h3 class=\"wp-block-heading\">Are signed copies available?<\/h3>\n\n\n\n<p>This exquisite compilation showcases a diverse array of photographs that capture the essence of different eras and cultures, reflecting the unique styles and perspectives of each artist.<\/p>\n<\/div>\n<\/div>\n<\/div>\n<\/div>\n<\/div>\n\n\n\n<aside class=\"wp-block-group alignfull is-style-section-3 has-global-padding is-layout-constrained wp-container-core-group-is-layout-f0f2a97b wp-block-group-is-layout-constrained is-style-section-3--1\" style=\"margin-top:0;margin-bottom:0;padding-top:var(--wp--preset--spacing--50);padding-right:var(--wp--preset--spacing--50);padding-bottom:var(--wp--preset--spacing--50);padding-left:var(--wp--preset--spacing--50)\">\n<div class=\"wp-block-group is-vertical is-content-justification-center is-layout-flex wp-container-core-group-is-layout-8778ca4a wp-block-group-is-layout-flex\" style=\"min-height:360px;margin-top:0;margin-bottom:0\">\n<h2 class=\"wp-block-heading has-text-align-center has-xx-large-font-size\">Sign up to get daily stories<\/h2>\n\n\n\n<p class=\"has-text-align-center is-style-text-subtitle is-style-text-subtitle--2\">Get access to a curated collection of moments in time featuring photographs from historical relevance.<\/p>\n\n\n\n<div style=\"height:0px\" aria-hidden=\"true\" class=\"wp-block-spacer wp-container-content-62aae154\"><\/div>\n\n\n\n<div class=\"wp-block-buttons is-content-justification-center is-layout-flex wp-container-core-buttons-is-layout-a89b3969 wp-block-buttons-is-layout-flex\">\n<div class=\"wp-block-button\"><a class=\"wp-block-button__link has-text-align-center wp-element-button\">Subscribe<\/a><\/div>\n<\/div>\n<\/div>\n<\/aside>\n\n\n\n<p><\/p>\n","protected":false},"excerpt":{"rendered":"<p>Homestay Ba V\u00ec \ud83c\udf80\ud835\udcaf\ud835\udcbd\ud835\udc52 \ud835\udcb2\ud835\udcb6\ud835\udcc1\ud835\udcc1 \ud835\udc3b\u2740\ud835\udcc2\ud835\udcbe\ud835\udc52 \ud83c\udf80\u2665 N\u01a1i b\u00ecnh y\u00ean cho t\u00e2m h\u1ed3n ngh\u1ec9 ng\u01a1iCh\u00fang m\u00ecnh cung c\u1ea5p homestay ti\u1ec7n nghi, view c\u1ef1c chill, ph\u00f9 h\u1ee3p cho nh\u00f3m b\u1ea1n,gia \u0111\u00ecnh hay c\u1eb7p \u0111\u00f4i mu\u1ed1n &#8220;\u0111i tr\u1ed1n&#8221;ph\u1ed1 th\u1ecb. \u2665 Hotline: 033 2443838 &#8211; 096 8123845 \u0110\u1ecba ch\u1ec9: Th\u00f4n Qu\u1ea3ng Ph\u00fac, x\u00e3 Y\u00ean B\u00e0i, Ba V\u00ec, Vi\u1ec7t [&hellip;]<\/p>\n","protected":false},"author":2,"featured_media":0,"parent":0,"menu_order":0,"comment_status":"closed","ping_status":"closed","template":"","meta":{"footnotes":""},"class_list":["post-1403","page","type-page","status-publish","hentry"],"yoast_head":"<!-- This site is optimized with the Yoast SEO plugin v25.1 - https:\/\/yoast.com\/wordpress\/plugins\/seo\/ -->\n<title>The Wall Homie - Pink Unicorn<\/title>\n<meta name=\"description\" content=\"The Wall Homie - Homestay Ba V\u00ec - N\u01a1i b\u00ecnh y\u00ean cho t\u00e2m h\u1ed3n ngh\u1ec9 ng\u01a1i, th\u01b0 gi\u00e3n v\u00e0 vui ch\u01a1i th\u1ecfa th\u00edch sau nh\u1eefng ng\u00e0y d\u00e0i m\u1ec7t m\u1ecfi.\" \/>\n<meta name=\"robots\" content=\"index, follow, max-snippet:-1, max-image-preview:large, max-video-preview:-1\" \/>\n<link rel=\"canonical\" href=\"https:\/\/damthithuy.com\/index.php\/the-wall-homie-homestay-ba-vi\/\" \/>\n<meta property=\"og:locale\" content=\"en_US\" \/>\n<meta property=\"og:type\" content=\"article\" \/>\n<meta property=\"og:title\" content=\"The Wall Homie - Pink Unicorn\" \/>\n<meta property=\"og:description\" content=\"The Wall Homie - Homestay Ba V\u00ec - N\u01a1i b\u00ecnh y\u00ean cho t\u00e2m h\u1ed3n ngh\u1ec9 ng\u01a1i, th\u01b0 gi\u00e3n v\u00e0 vui ch\u01a1i th\u1ecfa th\u00edch sau nh\u1eefng ng\u00e0y d\u00e0i m\u1ec7t m\u1ecfi.\" \/>\n<meta property=\"og:url\" content=\"https:\/\/damthithuy.com\/index.php\/the-wall-homie-homestay-ba-vi\/\" \/>\n<meta property=\"og:site_name\" content=\"Pink Unicorn\" \/>\n<meta property=\"article:modified_time\" content=\"2025-06-12T12:58:54+00:00\" \/>\n<meta property=\"og:image\" content=\"https:\/\/damthithuy.com\/wp-content\/themes\/twentytwentyfive\/assets\/images\/book-image-landing.webp\" \/>\n<meta name=\"twitter:card\" content=\"summary_large_image\" \/>\n<meta name=\"twitter:label1\" content=\"Est. reading time\" \/>\n\t<meta name=\"twitter:data1\" content=\"3 minutes\" \/>\n<script type=\"application\/ld+json\" class=\"yoast-schema-graph\">{\"@context\":\"https:\/\/schema.org\",\"@graph\":[{\"@type\":\"WebPage\",\"@id\":\"https:\/\/damthithuy.com\/index.php\/the-wall-homie-homestay-ba-vi\/\",\"url\":\"https:\/\/damthithuy.com\/index.php\/the-wall-homie-homestay-ba-vi\/\",\"name\":\"The Wall Homie - Pink Unicorn\",\"isPartOf\":{\"@id\":\"https:\/\/damthithuy.com\/#website\"},\"primaryImageOfPage\":{\"@id\":\"https:\/\/damthithuy.com\/index.php\/the-wall-homie-homestay-ba-vi\/#primaryimage\"},\"image\":{\"@id\":\"https:\/\/damthithuy.com\/index.php\/the-wall-homie-homestay-ba-vi\/#primaryimage\"},\"thumbnailUrl\":\"https:\/\/damthithuy.com\/wp-content\/themes\/twentytwentyfive\/assets\/images\/book-image-landing.webp\",\"datePublished\":\"2025-06-12T12:58:52+00:00\",\"dateModified\":\"2025-06-12T12:58:54+00:00\",\"description\":\"The Wall Homie - Homestay Ba V\u00ec - N\u01a1i b\u00ecnh y\u00ean cho t\u00e2m h\u1ed3n ngh\u1ec9 ng\u01a1i, th\u01b0 gi\u00e3n v\u00e0 vui ch\u01a1i th\u1ecfa th\u00edch sau nh\u1eefng ng\u00e0y d\u00e0i m\u1ec7t m\u1ecfi.\",\"breadcrumb\":{\"@id\":\"https:\/\/damthithuy.com\/index.php\/the-wall-homie-homestay-ba-vi\/#breadcrumb\"},\"inLanguage\":\"en-US\",\"potentialAction\":[{\"@type\":\"ReadAction\",\"target\":[\"https:\/\/damthithuy.com\/index.php\/the-wall-homie-homestay-ba-vi\/\"]}]},{\"@type\":\"ImageObject\",\"inLanguage\":\"en-US\",\"@id\":\"https:\/\/damthithuy.com\/index.php\/the-wall-homie-homestay-ba-vi\/#primaryimage\",\"url\":\"https:\/\/damthithuy.com\/wp-content\/themes\/twentytwentyfive\/assets\/images\/book-image-landing.webp\",\"contentUrl\":\"https:\/\/damthithuy.com\/wp-content\/themes\/twentytwentyfive\/assets\/images\/book-image-landing.webp\"},{\"@type\":\"BreadcrumbList\",\"@id\":\"https:\/\/damthithuy.com\/index.php\/the-wall-homie-homestay-ba-vi\/#breadcrumb\",\"itemListElement\":[{\"@type\":\"ListItem\",\"position\":1,\"name\":\"Home\",\"item\":\"https:\/\/damthithuy.com\/\"},{\"@type\":\"ListItem\",\"position\":2,\"name\":\"The Wall Homie\"}]},{\"@type\":\"WebSite\",\"@id\":\"https:\/\/damthithuy.com\/#website\",\"url\":\"https:\/\/damthithuy.com\/\",\"name\":\"Pink Unicorn\",\"description\":\"\",\"potentialAction\":[{\"@type\":\"SearchAction\",\"target\":{\"@type\":\"EntryPoint\",\"urlTemplate\":\"https:\/\/damthithuy.com\/?s={search_term_string}\"},\"query-input\":{\"@type\":\"PropertyValueSpecification\",\"valueRequired\":true,\"valueName\":\"search_term_string\"}}],\"inLanguage\":\"en-US\"}]}<\/script>\n<!-- \/ Yoast SEO plugin. -->","yoast_head_json":{"title":"The Wall Homie - Pink Unicorn","description":"The Wall Homie - Homestay Ba V\u00ec - N\u01a1i b\u00ecnh y\u00ean cho t\u00e2m h\u1ed3n ngh\u1ec9 ng\u01a1i, th\u01b0 gi\u00e3n v\u00e0 vui ch\u01a1i th\u1ecfa th\u00edch sau nh\u1eefng ng\u00e0y d\u00e0i m\u1ec7t m\u1ecfi.","robots":{"index":"index","follow":"follow","max-snippet":"max-snippet:-1","max-image-preview":"max-image-preview:large","max-video-preview":"max-video-preview:-1"},"canonical":"https:\/\/damthithuy.com\/index.php\/the-wall-homie-homestay-ba-vi\/","og_locale":"en_US","og_type":"article","og_title":"The Wall Homie - Pink Unicorn","og_description":"The Wall Homie - Homestay Ba V\u00ec - N\u01a1i b\u00ecnh y\u00ean cho t\u00e2m h\u1ed3n ngh\u1ec9 ng\u01a1i, th\u01b0 gi\u00e3n v\u00e0 vui ch\u01a1i th\u1ecfa th\u00edch sau nh\u1eefng ng\u00e0y d\u00e0i m\u1ec7t m\u1ecfi.","og_url":"https:\/\/damthithuy.com\/index.php\/the-wall-homie-homestay-ba-vi\/","og_site_name":"Pink Unicorn","article_modified_time":"2025-06-12T12:58:54+00:00","og_image":[{"url":"https:\/\/damthithuy.com\/wp-content\/themes\/twentytwentyfive\/assets\/images\/book-image-landing.webp","type":"","width":"","height":""}],"twitter_card":"summary_large_image","twitter_misc":{"Est. reading time":"3 minutes"},"schema":{"@context":"https:\/\/schema.org","@graph":[{"@type":"WebPage","@id":"https:\/\/damthithuy.com\/index.php\/the-wall-homie-homestay-ba-vi\/","url":"https:\/\/damthithuy.com\/index.php\/the-wall-homie-homestay-ba-vi\/","name":"The Wall Homie - Pink Unicorn","isPartOf":{"@id":"https:\/\/damthithuy.com\/#website"},"primaryImageOfPage":{"@id":"https:\/\/damthithuy.com\/index.php\/the-wall-homie-homestay-ba-vi\/#primaryimage"},"image":{"@id":"https:\/\/damthithuy.com\/index.php\/the-wall-homie-homestay-ba-vi\/#primaryimage"},"thumbnailUrl":"https:\/\/damthithuy.com\/wp-content\/themes\/twentytwentyfive\/assets\/images\/book-image-landing.webp","datePublished":"2025-06-12T12:58:52+00:00","dateModified":"2025-06-12T12:58:54+00:00","description":"The Wall Homie - Homestay Ba V\u00ec - N\u01a1i b\u00ecnh y\u00ean cho t\u00e2m h\u1ed3n ngh\u1ec9 ng\u01a1i, th\u01b0 gi\u00e3n v\u00e0 vui ch\u01a1i th\u1ecfa th\u00edch sau nh\u1eefng ng\u00e0y d\u00e0i m\u1ec7t m\u1ecfi.","breadcrumb":{"@id":"https:\/\/damthithuy.com\/index.php\/the-wall-homie-homestay-ba-vi\/#breadcrumb"},"inLanguage":"en-US","potentialAction":[{"@type":"ReadAction","target":["https:\/\/damthithuy.com\/index.php\/the-wall-homie-homestay-ba-vi\/"]}]},{"@type":"ImageObject","inLanguage":"en-US","@id":"https:\/\/damthithuy.com\/index.php\/the-wall-homie-homestay-ba-vi\/#primaryimage","url":"https:\/\/damthithuy.com\/wp-content\/themes\/twentytwentyfive\/assets\/images\/book-image-landing.webp","contentUrl":"https:\/\/damthithuy.com\/wp-content\/themes\/twentytwentyfive\/assets\/images\/book-image-landing.webp"},{"@type":"BreadcrumbList","@id":"https:\/\/damthithuy.com\/index.php\/the-wall-homie-homestay-ba-vi\/#breadcrumb","itemListElement":[{"@type":"ListItem","position":1,"name":"Home","item":"https:\/\/damthithuy.com\/"},{"@type":"ListItem","position":2,"name":"The Wall Homie"}]},{"@type":"WebSite","@id":"https:\/\/damthithuy.com\/#website","url":"https:\/\/damthithuy.com\/","name":"Pink Unicorn","description":"","potentialAction":[{"@type":"SearchAction","target":{"@type":"EntryPoint","urlTemplate":"https:\/\/damthithuy.com\/?s={search_term_string}"},"query-input":{"@type":"PropertyValueSpecification","valueRequired":true,"valueName":"search_term_string"}}],"inLanguage":"en-US"}]}},"_links":{"self":[{"href":"https:\/\/damthithuy.com\/index.php\/wp-json\/wp\/v2\/pages\/1403","targetHints":{"allow":["GET"]}}],"collection":[{"href":"https:\/\/damthithuy.com\/index.php\/wp-json\/wp\/v2\/pages"}],"about":[{"href":"https:\/\/damthithuy.com\/index.php\/wp-json\/wp\/v2\/types\/page"}],"author":[{"embeddable":true,"href":"https:\/\/damthithuy.com\/index.php\/wp-json\/wp\/v2\/users\/2"}],"replies":[{"embeddable":true,"href":"https:\/\/damthithuy.com\/index.php\/wp-json\/wp\/v2\/comments?post=1403"}],"version-history":[{"count":2,"href":"https:\/\/damthithuy.com\/index.php\/wp-json\/wp\/v2\/pages\/1403\/revisions"}],"predecessor-version":[{"id":1418,"href":"https:\/\/damthithuy.com\/index.php\/wp-json\/wp\/v2\/pages\/1403\/revisions\/1418"}],"wp:attachment":[{"href":"https:\/\/damthithuy.com\/index.php\/wp-json\/wp\/v2\/media?parent=1403"}],"curies":[{"name":"wp","href":"https:\/\/api.w.org\/{rel}","templated":true}]}}